{"id":5182,"date":"2026-03-07T11:57:49","date_gmt":"2026-03-07T16:57:49","guid":{"rendered":"https:\/\/chimeneaselchalet.com\/?post_type=product&#038;p=5182"},"modified":"2026-03-07T12:01:55","modified_gmt":"2026-03-07T17:01:55","slug":"deflectores-asadores-de-gas","status":"publish","type":"product","link":"https:\/\/chimeneaselchalet.com\/en\/product\/deflectores-asadores-de-gas\/","title":{"rendered":"Deflectores difusores para asadores de gas"},"content":{"rendered":"","protected":false},"excerpt":{"rendered":"<p><strong>Description<\/strong><br \/>\n&#8211; Motor 110V de giro lento para asadores de gas<br \/>\n&#8211; Incluye un eje en acero inoxidable de 75 cm<br \/>\n&#8211; Dos garras para sostener los alimentos<br \/>\n&#8211; Soportes para sostener el motor<br \/>\n<strong>Opciones:<\/strong><br \/>\nElaborado en acero inoxidable<\/p>","protected":false},"featured_media":5177,"template":"","meta":{"_acf_changed":false,"_seopress_robots_primary_cat":"none","_seopress_titles_title":"Roca volc\u00e1nica para BBQ asador gas: \u00a1Transforma tu Asado!","_seopress_titles_desc":"Encuentra la la mejor volc\u00e1nica para asador de gas en Chimeneas El Chalet. Variedad, calidad asegurada y dise\u00f1os exclusivos.","_seopress_robots_index":""},"color":[],"product_brand":[],"product_cat":[18,28,23],"product_tag":[215,214,216,78,207,219,220,90,204,203,88,237,230,248,222,208,84,32,236,239,241,240,269,210,244,246,245,263,242,259,213,206,235,228,268,270,265,225,256,261,267,254,224,271,257,262,212,264,229,232,234,233,272,202,238,243,205,231,249,223,209,255,218,226,253,266,211,247,250,252,251,258,260,221,227],"class_list":{"0":"post-5182","1":"product","2":"type-product","3":"status-publish","4":"has-post-thumbnail","6":"product_cat-asadores-hornos-plancha-bbq","7":"product_cat-descuentos","8":"product_cat-insumos-para-chimeneas","9":"product_tag-accesorios-para-parrilla-de-acero-inoxidable","10":"product_tag-asador-a-gas-portatil","11":"product_tag-parrilla-electrica-para-interior","12":"product_tag-accesorios-para-parrilla","13":"product_tag-asado","14":"product_tag-asado-argentino","15":"product_tag-asado-lena","16":"product_tag-asador","17":"product_tag-asador-a-carbon","18":"product_tag-asador-a-gas","19":"product_tag-asador-argentino","20":"product_tag-asador-broil-king","21":"product_tag-asador-napoleon","22":"product_tag-asador-verona","23":"product_tag-asador-weber","24":"product_tag-barbacoa","25":"product_tag-barril-ahumador","26":"product_tag-bbq","27":"product_tag-broil-king","28":"product_tag-broil-king-argentina","29":"product_tag-broil-king-imperial","30":"product_tag-broil-king-premium","31":"product_tag-broil-master","32":"product_tag-carne-a-la-parrilla","33":"product_tag-char-broil-argentina","34":"product_tag-char-broil-carbon","35":"product_tag-char-broil-gas","36":"product_tag-char-broil","37":"product_tag-char-broil-asador-char-broil","38":"product_tag-chimeneas-de-colombia","39":"product_tag-cocinar-a-fuego-lento","40":"product_tag-cocinar-al-aire-libre","41":"product_tag-comprar-napoleon","42":"product_tag-comprar-weber","43":"product_tag-cuisinart","44":"product_tag-ducasse","45":"product_tag-garcima","46":"product_tag-genesis-weber","47":"product_tag-green-egg","48":"product_tag-humo-barriles","49":"product_tag-inoxhome","50":"product_tag-kamado-joe","51":"product_tag-kettle-weber","52":"product_tag-landmann","53":"product_tag-lynx","54":"product_tag-mano-bbq","55":"product_tag-marinar","56":"product_tag-mr-beef","57":"product_tag-napoleon","58":"product_tag-napoleon-argentina","59":"product_tag-napoleon-carbon","60":"product_tag-napoleon-gas","61":"product_tag-ozark-trail","62":"product_tag-parrilla","63":"product_tag-parrilla-broil-king","64":"product_tag-parrilla-char-broil","65":"product_tag-parrilla-electrica","66":"product_tag-parrilla-napoleon","67":"product_tag-parrilla-verona","68":"product_tag-parrilla-weber","69":"product_tag-parrillada","70":"product_tag-pit-boss","71":"product_tag-quincho","72":"product_tag-spirit-weber","73":"product_tag-traeger","74":"product_tag-tramontina","75":"product_tag-verduras-a-la-parrilla","76":"product_tag-verona","77":"product_tag-verona-argentina","78":"product_tag-verona-carbon","79":"product_tag-verona-gas","80":"product_tag-viking","81":"product_tag-volcano","82":"product_tag-weber","83":"product_tag-weber-argentina","85":"first","86":"instock","87":"taxable","88":"shipping-taxable","89":"purchasable","90":"product-type-simple"},"acf":{"descripcion":"<p data-start=\"107\" data-end=\"166\">\ud83d\udd25 <strong data-start=\"110\" data-end=\"166\">Deflectores de Acero Inoxidable para Asadores de Gas<\/strong><\/p>\r\n<p data-start=\"168\" data-end=\"390\">Optimiza el rendimiento de tu parrilla con nuestros <strong data-start=\"220\" data-end=\"255\">deflectores de acero inoxidable<\/strong>, dise\u00f1ados para mejorar la distribuci\u00f3n del calor en asadores de gas y proteger los quemadores de grasa y residuos durante la cocci\u00f3n.<\/p>\r\n<p data-start=\"392\" data-end=\"652\">Estos deflectores act\u00faan como <strong data-start=\"422\" data-end=\"444\">difusores de calor<\/strong>, evitando las llamas directas sobre los alimentos y logrando una cocci\u00f3n m\u00e1s uniforme. Adem\u00e1s, ayudan a vaporizar los jugos de la carne, aportando ese delicioso <strong data-start=\"606\" data-end=\"626\">sabor a parrilla<\/strong> que todos disfrutan. \ud83c\udf56\ud83d\udd25<\/p>\r\n<p data-start=\"654\" data-end=\"860\">Fabricados en <strong data-start=\"668\" data-end=\"708\">acero inoxidable de alta resistencia<\/strong>, soportan altas temperaturas y tienen una larga vida \u00fatil, siendo la soluci\u00f3n ideal para <strong data-start=\"798\" data-end=\"846\">reemplazar deflectores desgastados o da\u00f1ados<\/strong> en tu asador.<\/p>\r\n\r\n<h3 data-section-id=\"v1hkeb\" data-start=\"862\" data-end=\"878\">\u2b50 Beneficios<\/h3>\r\n<p data-start=\"879\" data-end=\"1070\">\ud83d\udd25 Distribuci\u00f3n uniforme del calor<br data-start=\"913\" data-end=\"916\" \/>\ud83d\udee1\ufe0f Protege los quemadores del asador<br data-start=\"953\" data-end=\"956\" \/>\u2668\ufe0f Resistente a altas temperaturas<br data-start=\"990\" data-end=\"993\" \/>\ud83e\uddfc F\u00e1cil limpieza y mantenimiento<br data-start=\"1026\" data-end=\"1029\" \/>\ud83d\udd29 Fabricado en acero inoxidable duradero<\/p>\r\n\r\n<h3 data-section-id=\"1fso4c\" data-start=\"1072\" data-end=\"1089\">\ud83d\udce6 El valor es unitario<\/h3>\r\n<p data-start=\"1282\" data-end=\"1425\"><\/p>\r\n<p data-start=\"1205\" data-end=\"1320\">Convierte cada asado en una experiencia perfecta con la <strong data-start=\"1261\" data-end=\"1314\">calidad y eficiencia de la roca volc\u00e1nica natural<\/strong>. \ud83d\udd25\ud83e\udd69<\/p>\r\n&nbsp;","ficha_tecnica":"","manual_de_instrucciones":"","recomendaciones":"","dimensiones":"","alto":"5 cm","frente":"40 cm","base":"","peso":"","largo":"","ancho":"11 cm","color":"","marca":"El chalet","eficiencia_calorica":"","potencia":"","material":"acero inoxidable","tipo_de_combustible":"","alternativas_eficientes":""},"gallery_images":[5176],"_links":{"self":[{"href":"https:\/\/chimeneaselchalet.com\/en\/wp-json\/wp\/v2\/product\/5182","targetHints":{"allow":["GET"]}}],"collection":[{"href":"https:\/\/chimeneaselchalet.com\/en\/wp-json\/wp\/v2\/product"}],"about":[{"href":"https:\/\/chimeneaselchalet.com\/en\/wp-json\/wp\/v2\/types\/product"}],"wp:featuredmedia":[{"embeddable":true,"href":"https:\/\/chimeneaselchalet.com\/en\/wp-json\/wp\/v2\/media\/5177"}],"wp:attachment":[{"href":"https:\/\/chimeneaselchalet.com\/en\/wp-json\/wp\/v2\/media?parent=5182"}],"wp:term":[{"taxonomy":"color","embeddable":true,"href":"https:\/\/chimeneaselchalet.com\/en\/wp-json\/wp\/v2\/color?post=5182"},{"taxonomy":"product_brand","embeddable":true,"href":"https:\/\/chimeneaselchalet.com\/en\/wp-json\/wp\/v2\/product_brand?post=5182"},{"taxonomy":"product_cat","embeddable":true,"href":"https:\/\/chimeneaselchalet.com\/en\/wp-json\/wp\/v2\/product_cat?post=5182"},{"taxonomy":"product_tag","embeddable":true,"href":"https:\/\/chimeneaselchalet.com\/en\/wp-json\/wp\/v2\/product_tag?post=5182"}],"curies":[{"name":"wp","href":"https:\/\/api.w.org\/{rel}","templated":true}]}}