{"id":612,"date":"2024-06-10T13:50:00","date_gmt":"2024-06-10T18:50:00","guid":{"rendered":"https:\/\/chimeneaselchalet.com\/?post_type=product&#038;p=612"},"modified":"2026-01-30T17:10:08","modified_gmt":"2026-01-30T22:10:08","slug":"bbq-mueble-sencillo","status":"publish","type":"product","link":"https:\/\/chimeneaselchalet.com\/en\/product\/bbq-mueble-sencillo\/","title":{"rendered":"gas barbecue with simple furniture"},"content":{"rendered":"","protected":false},"excerpt":{"rendered":"<p><strong>Description:<\/strong><br \/>\nEl bbq tiene 4 quemadores independientes ekaborado en acero inoxidable 1040.<br \/>\nEach burner has an electric piezo that emits a spark and helps ignition.<br \/>\nIt does not require volcanic stone since it works with a deflector system.<br \/>\nCuenta con dos bandejas laterales que se pueden recoger y 4 ruedas para facilitar su desplazamiento.<br \/>\nEn la parte inferior trae un caj\u00f3n con puertas.<\/p>\n<p><strong>Dimensions:<\/strong><br \/>\n80 cm x 60 cm<\/p>\n<p><strong>High:<\/strong><br \/>\n1,20 cm<\/p>\n<p><strong>Material:<\/strong><br \/>\nEl mueble es fabricado en hierro.<br \/>\nEl modulo del asador es importado y fabricado en acero inoxidable.<\/p>\n<p><strong>Color:<\/strong><br \/>\nPlata<\/p>\n<p><strong>Fuel for use:<\/strong><br \/>\nGas natural o gas propano (con cilindro).<\/p>","protected":false},"featured_media":3763,"template":"","meta":{"_acf_changed":false,"_seopress_robots_primary_cat":"none","_seopress_titles_title":"BBQ Mueble Sencillo para Jard\u00edn - \u00a1Oferta \u00danica!","_seopress_titles_desc":"Descubre el BBQ Mueble Sencillo perfecto para tu jard\u00edn o terraza. Calidad superior y dise\u00f1o pr\u00e1ctico. \u00a1Vis\u00edtanos y aprov\u00e9chalo al m\u00e1ximo!","_seopress_robots_index":""},"color":[],"product_brand":[],"product_cat":[18],"product_tag":[90,79,89,44],"class_list":{"0":"post-612","1":"product","2":"type-product","3":"status-publish","4":"has-post-thumbnail","6":"product_cat-asadores-hornos-plancha-bbq","7":"product_tag-asador","8":"product_tag-asador-de-gas","9":"product_tag-asador-mueble","10":"product_tag-chimeneas-el-chalet","12":"first","13":"instock","14":"taxable","15":"shipping-taxable","16":"purchasable","17":"product-type-simple"},"acf":{"descripcion":"<h2 data-start=\"173\" data-end=\"250\">\ud83d\udd25 BBQ de Gas con Mueble Sencillo | Funcionalidad y Estilo para Exteriores<\/h2>\r\n<p data-start=\"252\" data-end=\"462\">Disfruta de asados perfectos con nuestro <strong data-start=\"293\" data-end=\"327\">BBQ de gas con mueble sencillo<\/strong>, dise\u00f1ado para los amantes de la parrilla que buscan <strong data-start=\"381\" data-end=\"427\">practicidad, movilidad y un dise\u00f1o moderno<\/strong> para patios, terrazas y zonas BBQ.<\/p>\r\n<p data-start=\"464\" data-end=\"686\">Este asador cuenta con <strong data-start=\"487\" data-end=\"516\">quemadores independientes<\/strong> y <strong data-start=\"519\" data-end=\"551\">parrilla en acero inoxidable<\/strong>, permiti\u00e9ndote cocinar carnes, verduras y acompa\u00f1amientos con <strong data-start=\"614\" data-end=\"654\">precisi\u00f3n y resultados profesionales<\/strong> desde la comodidad de tu hogar.<\/p>\r\n<p data-start=\"688\" data-end=\"1015\">Sus <strong data-start=\"692\" data-end=\"724\">bandejas laterales plegables<\/strong> ofrecen un espacio de trabajo amplio y flexible, ideal para la preparaci\u00f3n y el manejo de alimentos. Las <strong data-start=\"830\" data-end=\"862\">4 ruedas de alta resistencia<\/strong> facilitan su desplazamiento, mientras que el <strong data-start=\"908\" data-end=\"944\">caj\u00f3n inferior de almacenamiento<\/strong> mantiene tus utensilios y accesorios siempre organizados y al alcance.<\/p>\r\n<p data-start=\"1017\" data-end=\"1302\">El sistema de <strong data-start=\"1031\" data-end=\"1055\">deflectores de calor<\/strong> distribuye la temperatura de forma uniforme, eliminando la necesidad de piedras volc\u00e1nicas y optimizando el rendimiento del BBQ. Adem\u00e1s, su <strong data-start=\"1196\" data-end=\"1252\">tapa en cristal refractario con term\u00f3metro integrado<\/strong> te permite controlar la cocci\u00f3n sin perder calor.<\/p>\r\n<p data-start=\"1304\" data-end=\"1438\">Fabricado en <strong data-start=\"1317\" data-end=\"1346\">acero inoxidable AISI 430<\/strong>, garantiza <strong data-start=\"1358\" data-end=\"1401\">durabilidad, resistencia a la corrosi\u00f3n<\/strong> y excelente desempe\u00f1o en exteriores.<\/p>\r\n\r\n<h3 data-start=\"1440\" data-end=\"1474\">\u2705 Caracter\u00edsticas principales:<\/h3>\r\n<ul data-start=\"1475\" data-end=\"1863\">\r\n \t<li data-start=\"1475\" data-end=\"1509\">\r\n<p data-start=\"1477\" data-end=\"1509\">BBQ de gas con mueble sencillo<\/p>\r\n<\/li>\r\n \t<li data-start=\"1510\" data-end=\"1559\">\r\n<p data-start=\"1512\" data-end=\"1559\">Quemadores independientes de alto rendimiento<\/p>\r\n<\/li>\r\n \t<li data-start=\"1560\" data-end=\"1592\">\r\n<p data-start=\"1562\" data-end=\"1592\">Parrilla en acero inoxidable<\/p>\r\n<\/li>\r\n \t<li data-start=\"1593\" data-end=\"1625\">\r\n<p data-start=\"1595\" data-end=\"1625\">Bandejas laterales plegables<\/p>\r\n<\/li>\r\n \t<li data-start=\"1626\" data-end=\"1671\">\r\n<p data-start=\"1628\" data-end=\"1671\">4 ruedas resistentes para f\u00e1cil movilidad<\/p>\r\n<\/li>\r\n \t<li data-start=\"1672\" data-end=\"1710\">\r\n<p data-start=\"1674\" data-end=\"1710\">Caj\u00f3n inferior para almacenamiento<\/p>\r\n<\/li>\r\n \t<li data-start=\"1711\" data-end=\"1770\">\r\n<p data-start=\"1713\" data-end=\"1770\">Sistema de deflectores (no requiere piedras volc\u00e1nicas)<\/p>\r\n<\/li>\r\n \t<li data-start=\"1771\" data-end=\"1817\">\r\n<p data-start=\"1773\" data-end=\"1817\">Tapa en cristal refractario con term\u00f3metro<\/p>\r\n<\/li>\r\n \t<li data-start=\"1818\" data-end=\"1863\">\r\n<p data-start=\"1820\" data-end=\"1863\">Construcci\u00f3n en acero inoxidable AISI 430<\/p>\r\n<\/li>\r\n<\/ul>\r\n<p data-start=\"1865\" data-end=\"1973\">\ud83c\udf81 <strong data-start=\"1868\" data-end=\"1902\">Promoci\u00f3n por tiempo limitado:<\/strong> incluye <strong data-start=\"1911\" data-end=\"1924\">rostizero<\/strong> para preparar pollos y carnes de forma uniforme.<\/p>\r\n<p data-start=\"1975\" data-end=\"2144\">Con su dise\u00f1o elegante, funcional y vers\u00e1til, este BBQ de <strong data-start=\"2033\" data-end=\"2056\">Chimeneas el Chalet<\/strong> es la inversi\u00f3n perfecta para disfrutar de la parrilla con estilo, comodidad y calidad.<\/p>\r\n<p data-start=\"2304\" data-end=\"2318\" data-is-last-node=\"\" data-is-only-node=\"\">Solo dime \ud83d\udd25\ud83e\udd69<\/p>","ficha_tecnica":"","manual_de_instrucciones":4475,"recomendaciones":"","dimensiones":"","alto":"120 cm","frente":"120 cm","base":"","peso":"","largo":"","ancho":"55 cm","color":"Negro y acero inoxidable","marca":"El chalet","eficiencia_calorica":"","potencia":"8,5 Kw","material":"Hierro y acero inoxidable","tipo_de_combustible":"Gas natural o gas propano","alternativas_eficientes":"Ruedas y bandejas laterales"},"gallery_images":[3762,654],"_links":{"self":[{"href":"https:\/\/chimeneaselchalet.com\/en\/wp-json\/wp\/v2\/product\/612","targetHints":{"allow":["GET"]}}],"collection":[{"href":"https:\/\/chimeneaselchalet.com\/en\/wp-json\/wp\/v2\/product"}],"about":[{"href":"https:\/\/chimeneaselchalet.com\/en\/wp-json\/wp\/v2\/types\/product"}],"wp:featuredmedia":[{"embeddable":true,"href":"https:\/\/chimeneaselchalet.com\/en\/wp-json\/wp\/v2\/media\/3763"}],"wp:attachment":[{"href":"https:\/\/chimeneaselchalet.com\/en\/wp-json\/wp\/v2\/media?parent=612"}],"wp:term":[{"taxonomy":"color","embeddable":true,"href":"https:\/\/chimeneaselchalet.com\/en\/wp-json\/wp\/v2\/color?post=612"},{"taxonomy":"product_brand","embeddable":true,"href":"https:\/\/chimeneaselchalet.com\/en\/wp-json\/wp\/v2\/product_brand?post=612"},{"taxonomy":"product_cat","embeddable":true,"href":"https:\/\/chimeneaselchalet.com\/en\/wp-json\/wp\/v2\/product_cat?post=612"},{"taxonomy":"product_tag","embeddable":true,"href":"https:\/\/chimeneaselchalet.com\/en\/wp-json\/wp\/v2\/product_tag?post=612"}],"curies":[{"name":"wp","href":"https:\/\/api.w.org\/{rel}","templated":true}]}}