{"id":615,"date":"2024-06-10T13:50:00","date_gmt":"2024-06-10T18:50:00","guid":{"rendered":"https:\/\/chimeneaselchalet.com\/?post_type=product&#038;p=615"},"modified":"2026-04-07T09:20:58","modified_gmt":"2026-04-07T14:20:58","slug":"eko-ovni","status":"publish","type":"product","link":"https:\/\/chimeneaselchalet.com\/en\/product\/eko-ovni\/","title":{"rendered":"Eko UFO"},"content":{"rendered":"","protected":false},"excerpt":{"rendered":"<p><strong>Description: <\/strong><br \/>\nChimenea central elaborada de forma estructural, con alma en hierro<br \/>\nDise\u00f1ada para suspender del techo.<br \/>\nProduct manufactured in Colombia.<\/p>\n<p><strong>Dimensions:<\/strong> Di\u00e1metro 90 cm, altura total 250 cm.<\/p>\n<p><strong>Material: <\/strong>Elaborada en cold rolled calibre 12.<\/p>\n<p><strong>Color: <\/strong>Con recubrimiento en pintura electrost\u00e1tica negro-blanco u oxido al natural (tonalidad cafe).<\/p>\n<p><strong>Fuel for use: <\/strong>Bioetanol o gas<\/p>\n<p><strong>Gas:\u00a0<\/strong>El producto incluye: Chimeneas a gas de control remoto On-Off, 3 niveles de altura de llama, Electrov\u00e1lvula de seguridad, Receptor, Conectores, Quemador en acero inoxidable lineal de 40 cm.<\/p>\n<p><strong>Bioetanol:\u00a0<\/strong>El producto incluye: 1 gal\u00f3n de bioetanol, 1 encendedor de boquilla larga, 1 embudo, 1 varilla en acero para manejar tapa de ahogo.<\/p>\n<hr \/>\n<p style=\"text-align: center;\"><strong>Antes de usar tu chimenea Eko, por favor descarga y lee cuidadosamente la siguiente Informaci\u00f3n<\/strong><\/p>\n<hr \/>\n<p style=\"text-align: center;\"><span style=\"color: #ff0000;\"><strong>Manual de instrucciones chimeneas Eko<\/strong><\/span><\/p>\n<p style=\"text-align: center;\"><span style=\"color: #0000ff;\"><strong><a style=\"color: #0000ff;\" href=\"https:\/\/chimeneaselchalet.com\/wp-content\/uploads\/2023\/12\/MANUAL-INSTRUCCIONES-CHIMENEAS-EKO-SUSPENDIDA.pdf\"><br \/>\nDOWNLOAD INSTRUCTION MANUAL<\/a><\/strong><\/span><\/p>","protected":false},"featured_media":2941,"template":"","meta":{"_acf_changed":false,"_seopress_robots_primary_cat":"none","_seopress_titles_title":"Chimeneas Colgantes de Techo: Dise\u00f1o Innovador y Moderno","_seopress_titles_desc":"Descubre nuestras chimeneas colgantes de techo, una pieza de dise\u00f1o \u00fanica que transformar\u00e1 tu hogar. Elige entre modelos a gas o le\u00f1a y disfruta de un calor acogedor y personalizado.","_seopress_robots_index":""},"color":[],"product_brand":[],"product_cat":[20,19],"product_tag":[158,164,165,166,162,167,163,51,156,62,153,157,151,155,154,152,161,160,159],"class_list":{"0":"post-615","1":"product","2":"type-product","3":"status-publish","4":"has-post-thumbnail","6":"product_cat-chimeneas-a-gas","7":"product_cat-chimeneas-colgantes-eko","8":"product_tag-calefaccion-con-chimenea","9":"product_tag-chimenea-de-estilo","10":"product_tag-chimenea-de-pared","11":"product_tag-chimenea-flotante","12":"product_tag-chimenea-personalizada","13":"product_tag-chimenea-sin-conducto","14":"product_tag-chimenea-unica","15":"product_tag-chimeneas-a-gas","16":"product_tag-chimeneas-a-lena","17":"product_tag-chimeneas-colgantes","18":"product_tag-chimeneas-de-diseno","19":"product_tag-chimeneas-de-interior","20":"product_tag-chimeneas-de-techo","21":"product_tag-chimeneas-innovadoras","22":"product_tag-chimeneas-modernas","23":"product_tag-chimeneas-suspendidas","24":"product_tag-decoracion-de-interiores","25":"product_tag-diseno-de-interiores","26":"product_tag-hogar-acogedor","28":"first","29":"instock","30":"taxable","31":"shipping-taxable","32":"purchasable","33":"product-type-variable"},"acf":{"descripcion":"<strong>\ud83d\udd25 Chimenea colgante de dise\u00f1o \u2013 arte, fuego y sofisticaci\u00f3n<\/strong>\r\n\r\nNuestra <strong>chimenea colgante<\/strong> es mucho m\u00e1s que un sistema de calefacci\u00f3n: es una <strong>pieza de dise\u00f1o escult\u00f3rico<\/strong> que transforma cualquier espacio en un ambiente <strong>\u00fanico, elegante y memorable<\/strong>. Suspendida en el aire, se convierte en el centro de atenci\u00f3n, aportando car\u00e1cter, calidez y un impacto visual incomparable.\r\n\r\nDisponible en <strong>versi\u00f3n a gas o a le\u00f1a<\/strong>, para adaptarse a distintos estilos de vida y preferencias.\r\n\r\n<strong>\ud83d\udd39 Chimenea colgante a gas<\/strong>\r\n\r\nCuenta con un quemador importado de acero inoxidable tipo vent-free, con sistema Venturi interno, que garantiza una combusti\u00f3n limpia, eficiente y sin humo. Disfruta de llamas realistas, sin cenizas y con bajo mantenimiento, ideales para el uso diario.\r\n\r\nIncluye control remoto y piedra decorativa de m\u00e1rmol, un detalle que eleva el nivel est\u00e9tico y aporta un acabado sofisticado. Lo mejor de todo es que las conexiones son por piso lo que evita que se vean cables o mangueras a la vista.\r\n<ul>\r\n \t<li>Uso: Interior o exterior<\/li>\r\n \t<li>Punto de gas entra por la parte inferior o lateral, tuber\u00eda a la vista<\/li>\r\n \t<li>Incluye: Control remoto, mangueras, piedra decorativa y soporte para instalar.<\/li>\r\n \t<li>No incluye: instalaci\u00f3n, transporte.<\/li>\r\n<\/ul>\r\nUn gran diferencial es su <strong>sistema de conexi\u00f3n por techo o pared<\/strong>, lo que permite una <strong>instalaci\u00f3n limpia<\/strong>, sin cables ni mangueras visibles, logrando un resultado est\u00e9tico impecable. (conexiones a techo tiene un valor adicional por el sistema de aislamiento patentado por Chimeneas el Chalet)\r\n\r\n<strong>\ud83d\udd39 Chimenea colgante a le\u00f1a<\/strong>\r\n\r\nLa <strong>chimenea colgante a le\u00f1a<\/strong> combina el encanto del <strong>fuego tradicional<\/strong> con un <strong>dise\u00f1o contempor\u00e1neo de alto nivel<\/strong>. Adem\u00e1s de brindar calor, a\u00f1ade un toque de <strong>lujo y distinci\u00f3n<\/strong>, convirti\u00e9ndose en una pieza que <strong>eleva el valor del espacio<\/strong> donde se instala.\r\n\r\nTodos nuestros modelos para uso con le\u00f1a se entregan <strong>completos y listos para usar<\/strong>, incluyendo:\r\n<ul>\r\n \t<li>Parrilla<\/li>\r\n \t<li>Cenicero<\/li>\r\n \t<li>Elementos para facilitar el manejo de la le\u00f1a<\/li>\r\n<\/ul>","ficha_tecnica":"","manual_de_instrucciones":2686,"recomendaciones":"","dimensiones":"","alto":"250 cm","frente":"","base":"90 cm","peso":"75 kg","largo":"","ancho":"","color":"Negro o blanco","marca":"El chalet","eficiencia_calorica":"70 m2","potencia":"10,5 Kw","material":"Estructura met\u00e1lica","tipo_de_combustible":"Gas, le\u00f1a y bioetanol","alternativas_eficientes":""},"gallery_images":[2940,2942,666,671],"_links":{"self":[{"href":"https:\/\/chimeneaselchalet.com\/en\/wp-json\/wp\/v2\/product\/615","targetHints":{"allow":["GET"]}}],"collection":[{"href":"https:\/\/chimeneaselchalet.com\/en\/wp-json\/wp\/v2\/product"}],"about":[{"href":"https:\/\/chimeneaselchalet.com\/en\/wp-json\/wp\/v2\/types\/product"}],"wp:featuredmedia":[{"embeddable":true,"href":"https:\/\/chimeneaselchalet.com\/en\/wp-json\/wp\/v2\/media\/2941"}],"wp:attachment":[{"href":"https:\/\/chimeneaselchalet.com\/en\/wp-json\/wp\/v2\/media?parent=615"}],"wp:term":[{"taxonomy":"color","embeddable":true,"href":"https:\/\/chimeneaselchalet.com\/en\/wp-json\/wp\/v2\/color?post=615"},{"taxonomy":"product_brand","embeddable":true,"href":"https:\/\/chimeneaselchalet.com\/en\/wp-json\/wp\/v2\/product_brand?post=615"},{"taxonomy":"product_cat","embeddable":true,"href":"https:\/\/chimeneaselchalet.com\/en\/wp-json\/wp\/v2\/product_cat?post=615"},{"taxonomy":"product_tag","embeddable":true,"href":"https:\/\/chimeneaselchalet.com\/en\/wp-json\/wp\/v2\/product_tag?post=615"}],"curies":[{"name":"wp","href":"https:\/\/api.w.org\/{rel}","templated":true}]}}