{"id":616,"date":"2024-06-10T13:50:00","date_gmt":"2024-06-10T18:50:00","guid":{"rendered":"https:\/\/chimeneaselchalet.com\/?post_type=product&#038;p=616"},"modified":"2026-01-29T13:11:50","modified_gmt":"2026-01-29T18:11:50","slug":"eko-orbital-floor","status":"publish","type":"product","link":"https:\/\/chimeneaselchalet.com\/en\/product\/eko-orbital-floor\/","title":{"rendered":"Eko Orbital Floor"},"content":{"rendered":"","protected":false},"excerpt":{"rendered":"<p><strong>Description: <\/strong>Chimenea central elaborada de forma estructural, con alma en hierro, con recubrimiento en pintura electrost\u00e1tica. Producto fabricado en Colombia, Dise\u00f1o para colgar.<\/p>\n<p><strong>Altura del espacio para fuego: <\/strong>40 cm,<\/p>\n<p><strong>Dimensions: <\/strong>Di\u00e1metro de 80 cm<\/p>\n<p><strong>High: <\/strong>1,90cm alto.<\/p>\n<p><strong>Material: <\/strong>Made in 12 gauge cold rolled.<\/p>\n<p><strong>Color: <\/strong>With black-white electrostatic paint coating or natural oxide (brown tone).<\/p>\n<p><strong>Fuel for use: <\/strong><br \/>\nle\u00f1a o gas<\/p>\n<p><strong>Gas:\u00a0<\/strong>El producto incluye: Chimeneas a gas de control remoto On-Off, 3 niveles de altura de llama, Electrov\u00e1lvula de seguridad, Receptor, Conectores, Quemador en acero inoxidable lineal de 40 cm.<\/p>\n<p><strong>Le\u00f1a:<\/strong>1 parrilla para le\u00f1a.<\/p>\n<p><iframe loading=\"lazy\" title=\"YouTube video player\" src=\"https:\/\/www.youtube.com\/embed\/zwYmHdT75PA\" width=\"560\" height=\"315\" frameborder=\"0\" allowfullscreen=\"allowfullscreen\"><\/iframe><\/p>\n<hr \/>\n<p style=\"text-align: center;\"><strong>Antes de usar tu chimenea Eko, por favor descarga y lee cuidadosamente la siguiente Informaci\u00f3n<\/strong><\/p>\n<hr \/>\n<p style=\"text-align: center;\"><span style=\"color: #ff0000;\"><strong>Manual de instrucciones chimeneas Eko<\/strong><\/span><\/p>\n<p style=\"text-align: center;\"><span style=\"color: #0000ff;\"><strong><a style=\"color: #0000ff;\" href=\"https:\/\/chimeneaselchalet.com\/wp-content\/uploads\/2023\/12\/MANUAL-INSTRUCCIONES-CHIMENEAS-EKO-SUSPENDIDA.pdf\"><br \/>\nDOWNLOAD INSTRUCTION MANUAL<\/a><\/strong><\/span><\/p>","protected":false},"featured_media":2936,"template":"","meta":{"_acf_changed":false,"_seopress_robots_primary_cat":"none","_seopress_titles_title":"Experimenta el Futuro de las Chimeneas: Modelos Colgantes","_seopress_titles_desc":"Busca una chimenea que destaque? Nuestras chimeneas colgantes de techo son la soluci\u00f3n. Combina estilo, funcionalidad y eficiencia energ\u00e9tica en un solo producto.","_seopress_robots_index":""},"color":[],"product_brand":[],"product_cat":[19],"product_tag":[158,164,165,166,162,167,163,51,156,62,153,157,151,155,154,152,161,160,159],"class_list":{"0":"post-616","1":"product","2":"type-product","3":"status-publish","4":"has-post-thumbnail","6":"product_cat-chimeneas-colgantes-eko","7":"product_tag-calefaccion-con-chimenea","8":"product_tag-chimenea-de-estilo","9":"product_tag-chimenea-de-pared","10":"product_tag-chimenea-flotante","11":"product_tag-chimenea-personalizada","12":"product_tag-chimenea-sin-conducto","13":"product_tag-chimenea-unica","14":"product_tag-chimeneas-a-gas","15":"product_tag-chimeneas-a-lena","16":"product_tag-chimeneas-colgantes","17":"product_tag-chimeneas-de-diseno","18":"product_tag-chimeneas-de-interior","19":"product_tag-chimeneas-de-techo","20":"product_tag-chimeneas-innovadoras","21":"product_tag-chimeneas-modernas","22":"product_tag-chimeneas-suspendidas","23":"product_tag-decoracion-de-interiores","24":"product_tag-diseno-de-interiores","25":"product_tag-hogar-acogedor","27":"first","28":"instock","29":"taxable","30":"shipping-taxable","31":"purchasable","32":"product-type-variable"},"acf":{"descripcion":"<strong>\ud83d\udd25 Chimenea colgante de dise\u00f1o \u2013 arte, fuego y sofisticaci\u00f3n<\/strong>\r\n\r\nNuestra <strong>chimenea colgante<\/strong> es mucho m\u00e1s que un sistema de calefacci\u00f3n: es una <strong>pieza de dise\u00f1o escult\u00f3rico<\/strong> que transforma cualquier espacio en un ambiente <strong>\u00fanico, elegante y memorable<\/strong>. Suspendida en el aire, se convierte en el centro de atenci\u00f3n, aportando car\u00e1cter, calidez y un impacto visual incomparable.\r\n\r\nDisponible en <strong>versi\u00f3n a gas o a le\u00f1a<\/strong>, para adaptarse a distintos estilos de vida y preferencias.\r\n\r\n<strong>\ud83d\udd39 Chimenea colgante a gas<\/strong>\r\n\r\nCuenta con un quemador importado de acero inoxidable tipo vent-free, con sistema Venturi interno, que garantiza una combusti\u00f3n limpia, eficiente y sin humo. Disfruta de llamas realistas, sin cenizas y con bajo mantenimiento, ideales para el uso diario.\r\n\r\nIncluye control remoto y piedra decorativa de m\u00e1rmol, un detalle que eleva el nivel est\u00e9tico y aporta un acabado sofisticado. Lo mejor de todo es que las conexiones son por piso lo que evita que se vean cables o mangueras a la vista.\r\n<ul>\r\n \t<li>Uso: Interior o exterior<\/li>\r\n \t<li>Punto de gas entra por la parte inferior o lateral, tuber\u00eda a la vista<\/li>\r\n \t<li>Incluye: Control remoto, mangueras, piedra decorativa y soporte para instalar.<\/li>\r\n \t<li>No incluye: instalaci\u00f3n, transporte.<\/li>\r\n<\/ul>\r\nUn gran diferencial es su <strong>sistema de conexi\u00f3n por techo o pared<\/strong>, lo que permite una <strong>instalaci\u00f3n limpia<\/strong>, sin cables ni mangueras visibles, logrando un resultado est\u00e9tico impecable. (conexiones a techo tiene un valor adicional por el sistema de aislamiento patentado por Chimeneas el Chalet)\r\n\r\n<strong>\ud83d\udd39 Chimenea colgante a le\u00f1a<\/strong>\r\n\r\nLa <strong>chimenea colgante a le\u00f1a<\/strong> combina el encanto del <strong>fuego tradicional<\/strong> con un <strong>dise\u00f1o contempor\u00e1neo de alto nivel<\/strong>. Adem\u00e1s de brindar calor, a\u00f1ade un toque de <strong>lujo y distinci\u00f3n<\/strong>, convirti\u00e9ndose en una pieza que <strong>eleva el valor del espacio<\/strong> donde se instala.\r\n\r\nTodos nuestros modelos para uso con le\u00f1a se entregan <strong>completos y listos para usar<\/strong>, incluyendo:\r\n<ul>\r\n \t<li>Parrilla<\/li>\r\n \t<li>Cenicero<\/li>\r\n \t<li>Elementos para facilitar el manejo de la le\u00f1a<\/li>\r\n<\/ul>","ficha_tecnica":"","manual_de_instrucciones":2686,"recomendaciones":"","dimensiones":"","alto":"190 cm","frente":"","base":"80 cm","peso":"75 kg","largo":"","ancho":"","color":"Negro mate y envejecido decorativo","marca":"El chalet","eficiencia_calorica":"70 m2","potencia":"10,5 Kw","material":"","tipo_de_combustible":"Le\u00f1a o gas","alternativas_eficientes":""},"gallery_images":[573,673],"_links":{"self":[{"href":"https:\/\/chimeneaselchalet.com\/en\/wp-json\/wp\/v2\/product\/616","targetHints":{"allow":["GET"]}}],"collection":[{"href":"https:\/\/chimeneaselchalet.com\/en\/wp-json\/wp\/v2\/product"}],"about":[{"href":"https:\/\/chimeneaselchalet.com\/en\/wp-json\/wp\/v2\/types\/product"}],"wp:featuredmedia":[{"embeddable":true,"href":"https:\/\/chimeneaselchalet.com\/en\/wp-json\/wp\/v2\/media\/2936"}],"wp:attachment":[{"href":"https:\/\/chimeneaselchalet.com\/en\/wp-json\/wp\/v2\/media?parent=616"}],"wp:term":[{"taxonomy":"color","embeddable":true,"href":"https:\/\/chimeneaselchalet.com\/en\/wp-json\/wp\/v2\/color?post=616"},{"taxonomy":"product_brand","embeddable":true,"href":"https:\/\/chimeneaselchalet.com\/en\/wp-json\/wp\/v2\/product_brand?post=616"},{"taxonomy":"product_cat","embeddable":true,"href":"https:\/\/chimeneaselchalet.com\/en\/wp-json\/wp\/v2\/product_cat?post=616"},{"taxonomy":"product_tag","embeddable":true,"href":"https:\/\/chimeneaselchalet.com\/en\/wp-json\/wp\/v2\/product_tag?post=616"}],"curies":[{"name":"wp","href":"https:\/\/api.w.org\/{rel}","templated":true}]}}