{"id":619,"date":"2024-06-10T13:50:00","date_gmt":"2024-06-10T18:50:00","guid":{"rendered":"https:\/\/chimeneaselchalet.com\/?post_type=product&#038;p=619"},"modified":"2026-04-17T15:18:28","modified_gmt":"2026-04-17T20:18:28","slug":"chimenea-de-gas-combo-frontal","status":"publish","type":"product","link":"https:\/\/chimeneaselchalet.com\/en\/product\/chimenea-de-gas-combo-frontal\/","title":{"rendered":"Front Combo Gas Fireplace"},"content":{"rendered":"","protected":false},"excerpt":{"rendered":"","protected":false},"featured_media":2963,"template":"","meta":{"_acf_changed":false,"_seopress_robots_primary_cat":"none","_seopress_titles_title":"Compra Chimenea a Gas Frontal: Estilo y Calor para tu Hogar","_seopress_titles_desc":"Descubre la elegancia y confort con nuestra Chimenea de Gas Combo Frontal. Perfecta para calentar tu hogar con estilo. \u00a1Vis\u00edtanos!","_seopress_robots_index":""},"color":[],"product_brand":[],"product_cat":[20],"product_tag":[362,359,277,364,381,174,344,294,276,349,400,275,388,392,295,401,273,288,315,316,317,308,309,297,305,290,342,341,346,348,347,340,343,302,369,393,299,313,312,314,289,319,320,326,327,328,329,398,395,397,325,318,306,165,50,336,333,337,334,338,332,331,330,339,335,298,103,301,303,296,307,304,300,368,402,404,62,259,151,44,366,403,367,293,374,384,376,283,286,391,278,361,279,357,356,370,355,380,350,382,140,399,394,351,352,274,291,378,284,120,159,389,321,396,285,280,138,385,323,324,322,354,282,292,371,373,383,358,377,390,345,310,311,387,287,379,363,375,281,353,372,386,365,360],"class_list":{"0":"post-619","1":"product","2":"type-product","3":"status-publish","4":"has-post-thumbnail","6":"product_cat-chimeneas-a-gas","7":"product_tag-acogedor","8":"product_tag-adaptable","9":"product_tag-ambiente","10":"product_tag-ambiente-relajante","11":"product_tag-autonomia","12":"product_tag-bajo-consumo","13":"product_tag-bioetanol-liquido","14":"product_tag-brasas","15":"product_tag-calefaccion","16":"product_tag-calefaccion-adicional","17":"product_tag-calle-93","18":"product_tag-calor","19":"product_tag-camara-de-combustion","20":"product_tag-cenicero-extraible","21":"product_tag-cenizas","22":"product_tag-chico-norte","23":"product_tag-chimenea","24":"product_tag-chimenea-a-gas","25":"product_tag-chimenea-a-gas-con-control-remoto","26":"product_tag-chimenea-a-gas-con-termostato","27":"product_tag-chimenea-a-gas-de-bajo-consumo","28":"product_tag-chimenea-a-gas-natural","29":"product_tag-chimenea-a-gas-propano","30":"product_tag-chimenea-clasica","31":"product_tag-chimenea-contemporanea","32":"product_tag-chimenea-de-bioetanol","33":"product_tag-chimenea-de-bioetanol-de-mesa","34":"product_tag-chimenea-de-bioetanol-de-pared","35":"product_tag-chimenea-de-bioetanol-ecologica","36":"product_tag-chimenea-de-bioetanol-moderna","37":"product_tag-chimenea-de-bioetanol-segura","38":"product_tag-chimenea-de-bioetanol-sin-instalacion","39":"product_tag-chimenea-de-bioetanol-suspendida","40":"product_tag-chimenea-de-diseno","41":"product_tag-chimenea-de-doble-combustion","42":"product_tag-chimenea-de-doble-combustion-de-alta-eficiencia","43":"product_tag-chimenea-de-esquina","44":"product_tag-chimenea-de-gas-de-pared","45":"product_tag-chimenea-de-gas-empotrada","46":"product_tag-chimenea-de-gas-suspendida","47":"product_tag-chimenea-de-lena","48":"product_tag-chimenea-de-lena-abierta","49":"product_tag-chimenea-de-lena-cerrada","50":"product_tag-chimenea-de-lena-con-pantalla","51":"product_tag-chimenea-de-lena-con-puerta-de-cristal","52":"product_tag-chimenea-de-lena-con-tiro-directo","53":"product_tag-chimenea-de-lena-con-tiro-forzado","54":"product_tag-chimenea-de-lena-de-hierro-fundido","55":"product_tag-chimenea-de-lena-ecologica","56":"product_tag-chimenea-de-lena-para-calefaccion-principal","57":"product_tag-chimenea-de-lena-rustica","58":"product_tag-chimenea-de-lena-tradicional","59":"product_tag-chimenea-de-obra","60":"product_tag-chimenea-de-pared","61":"product_tag-chimenea-electrica","62":"product_tag-chimenea-electrica-con-control-remoto","63":"product_tag-chimenea-electrica-con-efecto-de-llama","64":"product_tag-chimenea-electrica-con-temporizador","65":"product_tag-chimenea-electrica-con-termostato","66":"product_tag-chimenea-electrica-de-bajo-consumo","67":"product_tag-chimenea-electrica-de-esquina","68":"product_tag-chimenea-electrica-de-pared","69":"product_tag-chimenea-electrica-empotrada","70":"product_tag-chimenea-electrica-realista","71":"product_tag-chimenea-electrica-sin-instalacion","72":"product_tag-chimenea-empotrada","73":"product_tag-chimenea-exterior","74":"product_tag-chimenea-interior","75":"product_tag-chimenea-minimalista","76":"product_tag-chimenea-moderna","77":"product_tag-chimenea-prefabricada","78":"product_tag-chimenea-rustica","79":"product_tag-chimenea-suspendida","80":"product_tag-chimeneas-baratas","81":"product_tag-chimeneas-bogota","82":"product_tag-chimeneas-cali","83":"product_tag-chimeneas-colgantes","84":"product_tag-chimeneas-de-colombia","85":"product_tag-chimeneas-de-techo","86":"product_tag-chimeneas-el-chalet","87":"product_tag-chimeneas-loft","88":"product_tag-chimeneas-medellin","89":"product_tag-chimeneas-tizon","90":"product_tag-chispa","91":"product_tag-clasico","92":"product_tag-co2","93":"product_tag-combustion-secundaria","94":"product_tag-comedor","95":"product_tag-confort","96":"product_tag-cristal-ceramico","97":"product_tag-decoracion","98":"product_tag-decorativo","99":"product_tag-diseno","100":"product_tag-diseno-clasico","101":"product_tag-diseno-moderno","102":"product_tag-doble-combustion","103":"product_tag-ecologico","104":"product_tag-eficiencia","105":"product_tag-eficiencia-energetica","106":"product_tag-emisiones-reducidas","107":"product_tag-estufa-de-lena","108":"product_tag-estufa-de-lena-con-regulador-de-tiro","109":"product_tag-estufa-de-lena-de-bajo-consumo","110":"product_tag-facil-instalacion","111":"product_tag-facil-mantenimiento","112":"product_tag-fuego","113":"product_tag-fuego-artificial","114":"product_tag-gases-de-combustion","115":"product_tag-habitacion","116":"product_tag-hogar","117":"product_tag-hogar-acogedor","118":"product_tag-hogar-de-fundicion","119":"product_tag-hogar-de-lena","120":"product_tag-hogar-de-lena-de-diseno-moderno","121":"product_tag-hogar-dulce-hogar","122":"product_tag-interiorismo","123":"product_tag-lena","124":"product_tag-lena-certificada","125":"product_tag-lena-de-encina","126":"product_tag-lena-de-roble","127":"product_tag-lena-seca","128":"product_tag-limpio","129":"product_tag-living","130":"product_tag-llama","131":"product_tag-madera","132":"product_tag-moderno","133":"product_tag-particulas","134":"product_tag-personalizable","135":"product_tag-postcombustion","136":"product_tag-puerta-de-cristal","137":"product_tag-quemador-de-bioetanol","138":"product_tag-quemador-de-gas","139":"product_tag-regulador-de-gas","140":"product_tag-regulador-de-tiro","141":"product_tag-relajacion","142":"product_tag-rendimiento","143":"product_tag-romantico","144":"product_tag-rustico","145":"product_tag-sala","146":"product_tag-seguro","147":"product_tag-sostenible","148":"product_tag-tiro","149":"product_tag-valorizacion-del-hogar","150":"product_tag-versatil","152":"first","153":"instock","154":"sale","155":"taxable","156":"shipping-taxable","157":"purchasable","158":"product-type-simple"},"acf":{"descripcion":"<h2 data-start=\"177\" data-end=\"249\">\ud83d\udd25 Chimenea frontal de Gas | Dise\u00f1o Flotante y Elegancia Atemporal<\/h2>\r\n<p data-start=\"251\" data-end=\"538\">La <strong data-start=\"254\" data-end=\"284\">chimenea suspendida de gas<\/strong> es sin\u00f3nimo de dise\u00f1o contempor\u00e1neo y sofisticaci\u00f3n. Su <strong data-start=\"341\" data-end=\"364\">estructura flotante<\/strong> libera el suelo y crea una sensaci\u00f3n de amplitud y ligereza, convirti\u00e9ndola en el <strong data-start=\"447\" data-end=\"537\">punto focal perfecto para salas modernas, espacios abiertos o ambientes de alto dise\u00f1o<\/strong>.<\/p>\r\n<p data-start=\"540\" data-end=\"878\">Fabricada con <strong data-start=\"554\" data-end=\"588\">tubos de acero de alta calidad<\/strong>, esta chimenea ofrece una estructura robusta, duradera y segura, pensada para acompa\u00f1arte durante muchos a\u00f1os. Su <strong data-start=\"703\" data-end=\"756\">acabado en pintura negra mate de alta temperatura<\/strong> aporta un estilo elegante y atemporal que se integra con facilidad en decoraciones modernas, industriales o minimalistas.<\/p>\r\n<p data-start=\"880\" data-end=\"1193\">Incorpora un <strong data-start=\"893\" data-end=\"950\">quemador importado en acero inoxidable tipo vent-free<\/strong>, equipado con <strong data-start=\"965\" data-end=\"992\">sistema Venturi interno<\/strong>, que regula la premezcla de aire para lograr una <strong data-start=\"1042\" data-end=\"1084\">combusti\u00f3n limpia, eficiente y estable<\/strong>. Adem\u00e1s, su <strong data-start=\"1097\" data-end=\"1120\">piloto de seguridad<\/strong> evita escapes de gas, brindando total tranquilidad para ti y tu familia.<\/p>\r\n<p data-start=\"1195\" data-end=\"1331\">La <strong data-start=\"1198\" data-end=\"1237\">piedra decorativa de m\u00e1rmol natural<\/strong> realza la est\u00e9tica del fuego, aportando un toque de sofisticaci\u00f3n y exclusividad al conjunto.<\/p>\r\n\r\n<h3 data-start=\"1333\" data-end=\"1362\">\u2b50 Beneficios principales:<\/h3>\r\n<ul data-start=\"1363\" data-end=\"1686\">\r\n \t<li data-start=\"1363\" data-end=\"1408\">\r\n<p data-start=\"1365\" data-end=\"1408\">Dise\u00f1o suspendido que maximiza el espacio<\/p>\r\n<\/li>\r\n \t<li data-start=\"1409\" data-end=\"1458\">\r\n<p data-start=\"1411\" data-end=\"1458\">Chimenea de gas vent-free de alto rendimiento<\/p>\r\n<\/li>\r\n \t<li data-start=\"1459\" data-end=\"1514\">\r\n<p data-start=\"1461\" data-end=\"1514\">Estructura en acero resistente a altas temperaturas<\/p>\r\n<\/li>\r\n \t<li data-start=\"1515\" data-end=\"1557\">\r\n<p data-start=\"1517\" data-end=\"1557\">Acabado negro mate elegante y duradero<\/p>\r\n<\/li>\r\n \t<li data-start=\"1558\" data-end=\"1609\">\r\n<p data-start=\"1560\" data-end=\"1609\">Sistema de seguridad con piloto de corte de gas<\/p>\r\n<\/li>\r\n \t<li data-start=\"1610\" data-end=\"1649\">\r\n<p data-start=\"1612\" data-end=\"1649\">Piedra decorativa de m\u00e1rmol natural<\/p>\r\n<\/li>\r\n \t<li data-start=\"1650\" data-end=\"1686\">\r\n<p data-start=\"1652\" data-end=\"1686\">Calor eficiente, limpio y sin humo<\/p>\r\n<\/li>\r\n<\/ul>\r\n<p data-start=\"1688\" data-end=\"1887\">Con esta chimenea suspendida no solo integras una <strong data-start=\"1738\" data-end=\"1767\">fuente de calor eficiente<\/strong>, sino una <strong data-start=\"1778\" data-end=\"1812\">pieza de dise\u00f1o arquitect\u00f3nico<\/strong> que transforma tu hogar en un espacio c\u00e1lido, moderno y lleno de car\u00e1cter.<\/p>\r\n<p data-start=\"1889\" data-end=\"1963\"><strong data-start=\"1889\" data-end=\"1963\">Chimeneas el Chalet | Dise\u00f1o, seguridad y fuego en su m\u00e1xima expresi\u00f3n<\/strong><\/p>","ficha_tecnica":2680,"manual_de_instrucciones":2683,"recomendaciones":"","dimensiones":"","alto":"90 cm","frente":"","base":"","peso":"","largo":"80 cm","ancho":"30 cm","color":"Negro o blanco","marca":"el chalet","eficiencia_calorica":"60 m2","potencia":"8.5 Kw","material":"Estructura met\u00e1lica","tipo_de_combustible":"Gas","alternativas_eficientes":""},"gallery_images":[687,684],"_links":{"self":[{"href":"https:\/\/chimeneaselchalet.com\/en\/wp-json\/wp\/v2\/product\/619","targetHints":{"allow":["GET"]}}],"collection":[{"href":"https:\/\/chimeneaselchalet.com\/en\/wp-json\/wp\/v2\/product"}],"about":[{"href":"https:\/\/chimeneaselchalet.com\/en\/wp-json\/wp\/v2\/types\/product"}],"wp:featuredmedia":[{"embeddable":true,"href":"https:\/\/chimeneaselchalet.com\/en\/wp-json\/wp\/v2\/media\/2963"}],"wp:attachment":[{"href":"https:\/\/chimeneaselchalet.com\/en\/wp-json\/wp\/v2\/media?parent=619"}],"wp:term":[{"taxonomy":"color","embeddable":true,"href":"https:\/\/chimeneaselchalet.com\/en\/wp-json\/wp\/v2\/color?post=619"},{"taxonomy":"product_brand","embeddable":true,"href":"https:\/\/chimeneaselchalet.com\/en\/wp-json\/wp\/v2\/product_brand?post=619"},{"taxonomy":"product_cat","embeddable":true,"href":"https:\/\/chimeneaselchalet.com\/en\/wp-json\/wp\/v2\/product_cat?post=619"},{"taxonomy":"product_tag","embeddable":true,"href":"https:\/\/chimeneaselchalet.com\/en\/wp-json\/wp\/v2\/product_tag?post=619"}],"curies":[{"name":"wp","href":"https:\/\/api.w.org\/{rel}","templated":true}]}}