{"id":621,"date":"2024-06-10T13:50:00","date_gmt":"2024-06-10T18:50:00","guid":{"rendered":"https:\/\/chimeneaselchalet.com\/?post_type=product&#038;p=621"},"modified":"2026-01-30T16:58:43","modified_gmt":"2026-01-30T21:58:43","slug":"chimenea-gas-rectangular","status":"publish","type":"product","link":"https:\/\/chimeneaselchalet.com\/en\/product\/chimenea-gas-rectangular\/","title":{"rendered":"Rectangular gas fireplace"},"content":{"rendered":"","protected":false},"excerpt":{"rendered":"<p><strong>Description: <\/strong><br \/>\nInternal tubular structure of 1 1\u20442\u201d x 1 1\u20442\u201d and 3\u20444\u201d x 3\u20444\u201d square tube in 16 gauge.<br \/>\nEscudo t\u00e9rmico para fondo de la chimenea en acero galvanizado y manto cer\u00e1mico para aislar el calor, terminaci\u00f3n en pintura de altas temperaturas color negro mate.<br \/>\nThermal fiber for upper hood and support hook.<br \/>\nStainless steel connectors and copper fittings.<br \/>\nQuemador importado en acero inoxidable tipo vent-free con Venturi interno que controla la premezcla de aire.<br \/>\nSafety Pilot System that prevents gas escape.<br \/>\nDecorative marble stone<\/p>\n<p><strong>Color:<\/strong> White or black<\/p>\n<p><strong>Heat efficiency:<\/strong> 7.5 kW<\/p>\n<p><strong>Dimensions:<\/strong> 120 cm x 40 cm<\/p>\n<p><strong>High:<\/strong> 90cm<\/p>\n<p>Custom made manufacturing<\/p>\n<p><strong>Material:<\/strong> Paredes en hierro calibre 12 en color negro o blanco. Pintura de altas temperaturas.<\/p>\n<p><strong>Color:<\/strong> Blanco o negro<\/p>\n<p><strong>Fuel for use:<\/strong> gas natural o gas propano (con cilindro)<\/p>\n<p><strong>Control:<\/strong> on-off and flame levels<\/p>\n<hr \/>\n<p style=\"text-align: center;\"><strong>Antes de usar tu chimenea de gas, por favor descarga y lee cuidadosamente la siguiente Informaci\u00f3n<\/strong><\/p>\n<hr \/>\n<p style=\"text-align: center;\"><span style=\"color: #ff0000;\"><strong>Manual de instrucciones chimeneas de gas<\/strong><\/span><\/p>\n<p style=\"text-align: center;\"><span style=\"color: #0000ff;\"><strong><a style=\"color: #0000ff;\" href=\"https:\/\/chimeneaselchalet.com\/wp-content\/uploads\/2023\/12\/MANUAL-CHIMENEA-DE-GAS-IT-AVANZADA-2023.pdf\"><br \/>\nDOWNLOAD INSTRUCTION MANUAL<\/a><\/strong><\/span><\/p>\n<p style=\"text-align: center;\"><strong><span style=\"color: #ff0000;\">Ficha t\u00e9cnica chimenea de gas<\/span><\/strong><\/p>\n<p style=\"text-align: center;\"><span style=\"color: #0000ff;\"><strong><a style=\"color: #0000ff;\" href=\"https:\/\/chimeneaselchalet.com\/wp-content\/uploads\/2023\/12\/FICHA-TECNICA-ECO-BLUE-CHIMENEA-DE-GAS.pdf\">DESCARGA FICHA T\u00c9CNCA DE CHIMENEA DE GAS<\/a><\/strong><\/span><\/p>","protected":false},"featured_media":3761,"template":"","meta":{"_acf_changed":false,"_seopress_robots_primary_cat":"none","_seopress_titles_title":"Chimenea de Gas Rectangular: Estilo y Calidez","_seopress_titles_desc":"Descubre la elegancia y eficiencia de nuestras chimeneas de gas rectangulares. Perfectas para todo hogar. \u00a1Vis\u00edtanos hoy mismo!","_seopress_robots_index":""},"color":[],"product_brand":[],"product_cat":[20],"product_tag":[],"class_list":{"0":"post-621","1":"product","2":"type-product","3":"status-publish","4":"has-post-thumbnail","6":"product_cat-chimeneas-a-gas","8":"first","9":"instock","10":"taxable","11":"shipping-taxable","12":"purchasable","13":"product-type-simple"},"acf":{"descripcion":"\ud83d\udd25 Chimenea de gas moderna | Colombia\r\n\r\nTransforma tu hogar con una chimenea de gas moderna, dise\u00f1ada para quienes valoran el dise\u00f1o, el confort y la seguridad.\r\n\r\nFabricada con estructura de acero de alta calidad, ofrece durabilidad y estabilidad a largo plazo.\r\n\r\nCuenta con un quemador importado de acero inoxidable tipo vent-free, con sistema Venturi interno, que garantiza una combusti\u00f3n limpia, eficiente y sin humo. Disfruta de llamas realistas, sin cenizas y con bajo mantenimiento, ideales para el uso diario.\r\n\r\nIncluye piedra decorativa de m\u00e1rmol, un detalle que eleva el nivel est\u00e9tico y aporta un acabado sofisticado.\r\n\r\n\u2728 Una chimenea de gas en Colombia que combina calor eficiente, dise\u00f1o moderno y seguridad, perfecta para crear espacios acogedores y llenos de estilo durante todo el a\u00f1o.\r\n<ul>\r\n \t<li>Uso: Interior<\/li>\r\n \t<li>Estructura: Acero de alta calidad<\/li>\r\n \t<li>Acabado: Pintura negra mate de alta temperatura<\/li>\r\n \t<li>Quemador: Importado en acero inoxidable tipo vent-free<\/li>\r\n \t<li>Sistema de combusti\u00f3n: Venturi interno para combusti\u00f3n limpia y eficiente<\/li>\r\n \t<li>Seguridad: Piloto de seguridad anti-escape de gas<\/li>\r\n \t<li>Incluye: Control remoto, mangueras, piedra decorativa y soporte para instalar.<\/li>\r\n \t<li>No incluye: instalaci\u00f3n, transporte.<\/li>\r\n<\/ul>","ficha_tecnica":"","manual_de_instrucciones":3849,"recomendaciones":"","dimensiones":"","alto":"65 cm","frente":"","base":"","peso":"45 kg","largo":"160 cm","ancho":"","color":"Negro","marca":"el chalet","eficiencia_calorica":"70 m2","potencia":"10,5 Kw","material":"Estructura met\u00e1lica","tipo_de_combustible":"Gas","alternativas_eficientes":""},"gallery_images":[684],"_links":{"self":[{"href":"https:\/\/chimeneaselchalet.com\/en\/wp-json\/wp\/v2\/product\/621","targetHints":{"allow":["GET"]}}],"collection":[{"href":"https:\/\/chimeneaselchalet.com\/en\/wp-json\/wp\/v2\/product"}],"about":[{"href":"https:\/\/chimeneaselchalet.com\/en\/wp-json\/wp\/v2\/types\/product"}],"wp:featuredmedia":[{"embeddable":true,"href":"https:\/\/chimeneaselchalet.com\/en\/wp-json\/wp\/v2\/media\/3761"}],"wp:attachment":[{"href":"https:\/\/chimeneaselchalet.com\/en\/wp-json\/wp\/v2\/media?parent=621"}],"wp:term":[{"taxonomy":"color","embeddable":true,"href":"https:\/\/chimeneaselchalet.com\/en\/wp-json\/wp\/v2\/color?post=621"},{"taxonomy":"product_brand","embeddable":true,"href":"https:\/\/chimeneaselchalet.com\/en\/wp-json\/wp\/v2\/product_brand?post=621"},{"taxonomy":"product_cat","embeddable":true,"href":"https:\/\/chimeneaselchalet.com\/en\/wp-json\/wp\/v2\/product_cat?post=621"},{"taxonomy":"product_tag","embeddable":true,"href":"https:\/\/chimeneaselchalet.com\/en\/wp-json\/wp\/v2\/product_tag?post=621"}],"curies":[{"name":"wp","href":"https:\/\/api.w.org\/{rel}","templated":true}]}}