{"id":623,"date":"2024-06-10T13:50:44","date_gmt":"2024-06-10T18:50:44","guid":{"rendered":"https:\/\/chimeneaselchalet.com\/?post_type=product&#038;p=623"},"modified":"2026-01-30T15:46:07","modified_gmt":"2026-01-30T20:46:07","slug":"parrilla-moderna-maciza","status":"publish","type":"product","link":"https:\/\/chimeneaselchalet.com\/en\/product\/parrilla-moderna-maciza\/","title":{"rendered":"Solid modern grill"},"content":{"rendered":"","protected":false},"excerpt":{"rendered":"<p><strong>Description:<\/strong> Levanta la le\u00f1a del suelo de la chimenea y el hogar permitiendo que el aire circule mejor.<br \/>\nAdecuado para el interior de las chimeneas<br \/>\nDise\u00f1o practico con cenicero extra\u00edble que recoge la totalidad de los residuos.<br \/>\nEstructura s\u00f3lida estable y durable<\/p>\n<p><strong>Dimensions:<\/strong><br \/>\nAlto 14 cm<br \/>\nFrente 60 cm<br \/>\nProfundidad 38 cm<\/p>\n<p><strong>Material:<\/strong> Made of iron<\/p>\n<p><strong>Color:<\/strong> negro.<\/p>","protected":false},"featured_media":696,"template":"","meta":{"_acf_changed":false,"_seopress_robots_primary_cat":"none","_seopress_titles_title":"Parrilla Moderna Maciza: Calidad y Estilo para tu Jard\u00edn","_seopress_titles_desc":"Descubre la parrilla moderna maciza ideal para tu hogar en Chimeneas El Chalet. \u00a1Calidad y dise\u00f1o insuperable!","_seopress_robots_index":""},"color":[],"product_brand":[],"product_cat":[21],"product_tag":[180,110,44,187,183,181,186,185,184,182,125],"class_list":{"0":"post-623","1":"product","2":"type-product","3":"status-publish","4":"has-post-thumbnail","6":"product_cat-accesorios-para-chimeneas-de-lena","7":"product_tag-accesorios-chimenea","8":"product_tag-bogota","9":"product_tag-chimeneas-el-chalet","10":"product_tag-colombia","11":"product_tag-kit-herramientas","12":"product_tag-kit-para-chimenea","13":"product_tag-lena-bogota","14":"product_tag-lena-chimeneas","15":"product_tag-madera-chimeneas","16":"product_tag-parrilla-cenicero-chimenea","17":"product_tag-rejillas","19":"first","20":"instock","21":"taxable","22":"shipping-taxable","23":"purchasable","24":"product-type-simple"},"acf":{"descripcion":"<strong>\ud83e\udeb5 Parrillas para chimeneas de le\u00f1a | Mayor eficiencia y limpieza<\/strong>\r\n\r\nNuestras <strong>parrillas para quemar le\u00f1a en chimenea<\/strong> est\u00e1n dise\u00f1adas para <strong>optimizar el rendimiento del fuego<\/strong> y mejorar la experiencia de calefacci\u00f3n en tu hogar. Al elevar la le\u00f1a del fondo del hogar, permiten una <strong>mejor circulaci\u00f3n del aire<\/strong>, logrando una <strong>combusti\u00f3n m\u00e1s eficiente<\/strong>, un fuego m\u00e1s estable y un <strong>calor m\u00e1s intenso y uniforme<\/strong>.\r\n\r\nIncorporan un <strong>cenicero extra\u00edble<\/strong>, que facilita la limpieza diaria, ayuda a mantener el \u00e1rea ordenada y prolonga la vida \u00fatil de tu chimenea.\r\n\r\n<strong>Beneficios principales:<\/strong>\r\n<ul>\r\n \t<li>Mejora la <strong>circulaci\u00f3n de aire y la combusti\u00f3n<\/strong><\/li>\r\n \t<li>Mayor eficiencia t\u00e9rmica y mejor aprovechamiento de la le\u00f1a<\/li>\r\n \t<li><strong>Cenicero extra\u00edble<\/strong> para una limpieza r\u00e1pida y sencilla<\/li>\r\n \t<li>Fabricaci\u00f3n robusta y resistente a altas temperaturas<\/li>\r\n \t<li>Ideal para chimeneas de le\u00f1a residenciales<\/li>\r\n<\/ul>\r\nUn accesorio esencial para quienes buscan <strong>m\u00e1s calor, menos residuos y mayor comodidad<\/strong> al usar su chimenea.\r\n\r\n\ud83d\udd25 <strong>No te quedes sin la tuya<\/strong> y mejora el desempe\u00f1o de tu chimenea con un producto dise\u00f1ado para durar.\r\n\r\n&nbsp;","ficha_tecnica":"","manual_de_instrucciones":"","recomendaciones":"","dimensiones":"","alto":"14 cm","frente":"60 cm","base":"","peso":"30 kg","largo":"","ancho":"38 cm","color":"Negro","marca":"El chalet","eficiencia_calorica":"","potencia":"","material":"acero","tipo_de_combustible":"le\u00f1a","alternativas_eficientes":""},"gallery_images":[],"_links":{"self":[{"href":"https:\/\/chimeneaselchalet.com\/en\/wp-json\/wp\/v2\/product\/623","targetHints":{"allow":["GET"]}}],"collection":[{"href":"https:\/\/chimeneaselchalet.com\/en\/wp-json\/wp\/v2\/product"}],"about":[{"href":"https:\/\/chimeneaselchalet.com\/en\/wp-json\/wp\/v2\/types\/product"}],"wp:featuredmedia":[{"embeddable":true,"href":"https:\/\/chimeneaselchalet.com\/en\/wp-json\/wp\/v2\/media\/696"}],"wp:attachment":[{"href":"https:\/\/chimeneaselchalet.com\/en\/wp-json\/wp\/v2\/media?parent=623"}],"wp:term":[{"taxonomy":"color","embeddable":true,"href":"https:\/\/chimeneaselchalet.com\/en\/wp-json\/wp\/v2\/color?post=623"},{"taxonomy":"product_brand","embeddable":true,"href":"https:\/\/chimeneaselchalet.com\/en\/wp-json\/wp\/v2\/product_brand?post=623"},{"taxonomy":"product_cat","embeddable":true,"href":"https:\/\/chimeneaselchalet.com\/en\/wp-json\/wp\/v2\/product_cat?post=623"},{"taxonomy":"product_tag","embeddable":true,"href":"https:\/\/chimeneaselchalet.com\/en\/wp-json\/wp\/v2\/product_tag?post=623"}],"curies":[{"name":"wp","href":"https:\/\/api.w.org\/{rel}","templated":true}]}}