{"id":625,"date":"2024-06-10T13:50:44","date_gmt":"2024-06-10T18:50:44","guid":{"rendered":"https:\/\/chimeneaselchalet.com\/?post_type=product&#038;p=625"},"modified":"2026-01-30T15:44:45","modified_gmt":"2026-01-30T20:44:45","slug":"parrilla-canoa","status":"publish","type":"product","link":"https:\/\/chimeneaselchalet.com\/en\/product\/parrilla-canoa\/","title":{"rendered":"canoe grill"},"content":{"rendered":"","protected":false},"excerpt":{"rendered":"<p><strong>Description:<\/strong> Levanta la le\u00f1a del suelo de la chimenea y el hogar permitiendo que el aire circule mejor.<\/p>\n<p>Adecuado para el interior de las chimeneas<\/p>\n<p>Dise\u00f1o practico con cenicero extra\u00edble que recoge la totalidad de los residuos.<\/p>\n<p>Estructura s\u00f3lida estable y durable<\/p>\n<p><strong>Dimensions: <\/strong><br \/>\nAlto 18 cm<br \/>\nFrente 55cm<br \/>\nProfundidad 30cm<\/p>\n<p><strong>Material:<\/strong> varilla Cuadrada de 10 mm<\/p>\n<p><strong>Color:<\/strong> negro.<\/p>","protected":false},"featured_media":701,"template":"","meta":{"_acf_changed":false,"_seopress_robots_primary_cat":"none","_seopress_titles_title":"Parrilla Canoa Premium al Mejor Precio | Accesorios para chimenea","_seopress_titles_desc":"Descubre la perfecta Parrilla Canoa para chimenea, quemar le\u00f1a \u00fanicas. Calidad y dise\u00f1o excepcional. \u00a1Vis\u00edtanos y encuentra lo mejor para tu chimenea!","_seopress_robots_index":""},"color":[],"product_brand":[],"product_cat":[21],"product_tag":[180,110,44,187,183,181,186,185,184,182,125],"class_list":{"0":"post-625","1":"product","2":"type-product","3":"status-publish","4":"has-post-thumbnail","6":"product_cat-accesorios-para-chimeneas-de-lena","7":"product_tag-accesorios-chimenea","8":"product_tag-bogota","9":"product_tag-chimeneas-el-chalet","10":"product_tag-colombia","11":"product_tag-kit-herramientas","12":"product_tag-kit-para-chimenea","13":"product_tag-lena-bogota","14":"product_tag-lena-chimeneas","15":"product_tag-madera-chimeneas","16":"product_tag-parrilla-cenicero-chimenea","17":"product_tag-rejillas","19":"first","20":"instock","21":"taxable","22":"shipping-taxable","23":"purchasable","24":"product-type-simple"},"acf":{"descripcion":"<div class=\"flex max-w-full flex-col grow\">\r\n<div class=\"min-h-8 text-message relative flex w-full flex-col items-end gap-2 text-start break-words whitespace-normal [.text-message+&amp;]:mt-1\" dir=\"auto\" data-message-author-role=\"assistant\" data-message-id=\"b26b7d4c-ab5f-45d6-9e6d-72fce7dcaefb\" data-message-model-slug=\"gpt-5-2\">\r\n<div class=\"flex w-full flex-col gap-1 empty:hidden first:pt-[1px]\">\r\n<div class=\"markdown prose dark:prose-invert w-full wrap-break-word dark markdown-new-styling\">\r\n<h2 data-start=\"147\" data-end=\"215\">\ud83e\udeb5 Parrillas para chimeneas de le\u00f1a | Mayor eficiencia y limpieza<\/h2>\r\n<p data-start=\"217\" data-end=\"568\">Nuestras <strong data-start=\"226\" data-end=\"268\">parrillas para quemar le\u00f1a en chimenea<\/strong> est\u00e1n dise\u00f1adas para <strong data-start=\"290\" data-end=\"328\">optimizar el rendimiento del fuego<\/strong> y mejorar la experiencia de calefacci\u00f3n en tu hogar. Al elevar la le\u00f1a del fondo del hogar, permiten una <strong data-start=\"434\" data-end=\"464\">mejor circulaci\u00f3n del aire<\/strong>, logrando una <strong data-start=\"479\" data-end=\"507\">combusti\u00f3n m\u00e1s eficiente<\/strong>, un fuego m\u00e1s estable y un <strong data-start=\"535\" data-end=\"567\">calor m\u00e1s intenso y uniforme<\/strong>.<\/p>\r\n<p data-start=\"570\" data-end=\"714\">Incorporan un <strong data-start=\"584\" data-end=\"606\">cenicero extra\u00edble<\/strong>, que facilita la limpieza diaria, ayuda a mantener el \u00e1rea ordenada y prolonga la vida \u00fatil de tu chimenea.<\/p>\r\n\r\n<h3 data-start=\"716\" data-end=\"743\">Beneficios principales:<\/h3>\r\n<ul data-start=\"744\" data-end=\"1019\">\r\n \t<li data-start=\"744\" data-end=\"795\">\r\n<p data-start=\"746\" data-end=\"795\">Mejora la <strong data-start=\"756\" data-end=\"795\">circulaci\u00f3n de aire y la combusti\u00f3n<\/strong><\/p>\r\n<\/li>\r\n \t<li data-start=\"796\" data-end=\"857\">\r\n<p data-start=\"798\" data-end=\"857\">Mayor eficiencia t\u00e9rmica y mejor aprovechamiento de la le\u00f1a<\/p>\r\n<\/li>\r\n \t<li data-start=\"858\" data-end=\"918\">\r\n<p data-start=\"860\" data-end=\"918\"><strong data-start=\"860\" data-end=\"882\">Cenicero extra\u00edble<\/strong> para una limpieza r\u00e1pida y sencilla<\/p>\r\n<\/li>\r\n \t<li data-start=\"919\" data-end=\"974\">\r\n<p data-start=\"921\" data-end=\"974\">Fabricaci\u00f3n robusta y resistente a altas temperaturas<\/p>\r\n<\/li>\r\n \t<li data-start=\"975\" data-end=\"1019\">\r\n<p data-start=\"977\" data-end=\"1019\">Ideal para chimeneas de le\u00f1a residenciales<\/p>\r\n<\/li>\r\n<\/ul>\r\n<p data-start=\"1021\" data-end=\"1131\">Un accesorio esencial para quienes buscan <strong data-start=\"1063\" data-end=\"1110\">m\u00e1s calor, menos residuos y mayor comodidad<\/strong> al usar su chimenea.<\/p>\r\n<p data-start=\"1133\" data-end=\"1238\">\ud83d\udd25 <strong data-start=\"1136\" data-end=\"1164\">No te quedes sin la tuya<\/strong> y mejora el desempe\u00f1o de tu chimenea con un producto dise\u00f1ado para durar.<\/p>\r\n\r\n\r\n<hr data-start=\"1240\" data-end=\"1243\" \/>\r\n<p data-start=\"1245\" data-end=\"1364\" data-is-last-node=\"\" data-is-only-node=\"\"><\/p>\r\n\r\n<\/div>\r\n<\/div>\r\n<\/div>\r\n<\/div>\r\n<div class=\"z-0 flex min-h-[46px] justify-start\"><\/div>","ficha_tecnica":"","manual_de_instrucciones":"","recomendaciones":"","dimensiones":"","alto":"18 cm","frente":"55 cm","base":"","peso":"18 Kg","largo":"","ancho":"30 cm","color":"Negro","marca":"El chalet","eficiencia_calorica":"","potencia":"","material":"Acero","tipo_de_combustible":"","alternativas_eficientes":""},"gallery_images":[],"_links":{"self":[{"href":"https:\/\/chimeneaselchalet.com\/en\/wp-json\/wp\/v2\/product\/625","targetHints":{"allow":["GET"]}}],"collection":[{"href":"https:\/\/chimeneaselchalet.com\/en\/wp-json\/wp\/v2\/product"}],"about":[{"href":"https:\/\/chimeneaselchalet.com\/en\/wp-json\/wp\/v2\/types\/product"}],"wp:featuredmedia":[{"embeddable":true,"href":"https:\/\/chimeneaselchalet.com\/en\/wp-json\/wp\/v2\/media\/701"}],"wp:attachment":[{"href":"https:\/\/chimeneaselchalet.com\/en\/wp-json\/wp\/v2\/media?parent=625"}],"wp:term":[{"taxonomy":"color","embeddable":true,"href":"https:\/\/chimeneaselchalet.com\/en\/wp-json\/wp\/v2\/color?post=625"},{"taxonomy":"product_brand","embeddable":true,"href":"https:\/\/chimeneaselchalet.com\/en\/wp-json\/wp\/v2\/product_brand?post=625"},{"taxonomy":"product_cat","embeddable":true,"href":"https:\/\/chimeneaselchalet.com\/en\/wp-json\/wp\/v2\/product_cat?post=625"},{"taxonomy":"product_tag","embeddable":true,"href":"https:\/\/chimeneaselchalet.com\/en\/wp-json\/wp\/v2\/product_tag?post=625"}],"curies":[{"name":"wp","href":"https:\/\/api.w.org\/{rel}","templated":true}]}}