{"id":626,"date":"2024-06-10T13:50:44","date_gmt":"2024-06-10T18:50:44","guid":{"rendered":"https:\/\/chimeneaselchalet.com\/?post_type=product&#038;p=626"},"modified":"2026-01-30T15:40:13","modified_gmt":"2026-01-30T20:40:13","slug":"rejilla-salvachispas-con-laterales","status":"publish","type":"product","link":"https:\/\/chimeneaselchalet.com\/en\/product\/rejilla-salvachispas-con-laterales\/","title":{"rendered":"Spark guard with sides"},"content":{"rendered":"","protected":false},"excerpt":{"rendered":"<p><strong>Description:<\/strong><br \/>\nEsta pantalla evita la salida de chispas, que puedan da\u00f1ar el piso o el tapete.<\/p>\n<p>Est\u00e1 elaborada con materiales de alta calidad, confiables y duraderos.<\/p>\n<p>Dise\u00f1o elegante y moderno<\/p>\n<p>Muy pr\u00e1ctico, funcional y estable<\/p>\n<p><strong>Dimensions: <\/strong><br \/>\nFrente 70cm x Alto 50 cm y cada lateral de 13 cm<\/p>\n<p><strong>Material:<\/strong> iron<\/p>\n<p><strong>Color:<\/strong> black<\/p>","protected":false},"featured_media":702,"template":"","meta":{"_acf_changed":false,"_seopress_robots_primary_cat":"none","_seopress_titles_title":"Compra Rejilla Salvachispas para Seguridad en Hogar","_seopress_titles_desc":"Protege tu hogar con nuestra Rejilla Salvachispas con Laterales evita da\u00f1os en tu piso con este accesorio para chimeneas de le\u00f1a. Perfecta para seguridad y dise\u00f1o. \u00a1Visita ahora y descubre m\u00e1s!","_seopress_robots_index":""},"color":[],"product_brand":[],"product_cat":[21],"product_tag":[180,110,44,187,183,181,186,185,184,182,125],"class_list":{"0":"post-626","1":"product","2":"type-product","3":"status-publish","4":"has-post-thumbnail","6":"product_cat-accesorios-para-chimeneas-de-lena","7":"product_tag-accesorios-chimenea","8":"product_tag-bogota","9":"product_tag-chimeneas-el-chalet","10":"product_tag-colombia","11":"product_tag-kit-herramientas","12":"product_tag-kit-para-chimenea","13":"product_tag-lena-bogota","14":"product_tag-lena-chimeneas","15":"product_tag-madera-chimeneas","16":"product_tag-parrilla-cenicero-chimenea","17":"product_tag-rejillas","19":"first","20":"instock","21":"taxable","22":"shipping-taxable","23":"purchasable","24":"product-type-simple"},"acf":{"descripcion":"<h2 data-start=\"167\" data-end=\"241\">\ud83d\udd25 Rejillas protectoras para chimeneas en Colombia | Seguridad y dise\u00f1o<\/h2>\r\n<p data-start=\"243\" data-end=\"415\">\u00a1<strong data-start=\"244\" data-end=\"307\">Lo mejor en rejillas protectoras de Colombia para chimeneas<\/strong>!<br data-start=\"308\" data-end=\"311\" \/>En <strong data-start=\"314\" data-end=\"337\">Chimeneas el Chalet<\/strong> combinamos <strong data-start=\"349\" data-end=\"380\">seguridad, dise\u00f1o y calidad<\/strong> para proteger tu hogar con estilo.<\/p>\r\n<p data-start=\"417\" data-end=\"751\">Nuestra <strong data-start=\"425\" data-end=\"472\">pantalla o rejilla protectora para chimenea<\/strong> act\u00faa como una barrera eficiente entre el fuego y tu espacio, evitando que <strong data-start=\"548\" data-end=\"578\">chispas, brasas o residuos<\/strong> salten y da\u00f1en pisos, muebles o paredes. Est\u00e1 fabricada con <strong data-start=\"639\" data-end=\"697\">materiales de alta calidad y alta resistencia al calor<\/strong>, garantizando durabilidad y tranquilidad en cada uso.<\/p>\r\n<p data-start=\"753\" data-end=\"962\">Su <strong data-start=\"756\" data-end=\"789\">dise\u00f1o elegante y minimalista<\/strong> se integra perfectamente a cualquier estilo de decoraci\u00f3n, desde ambientes cl\u00e1sicos hasta espacios modernos, realzando la est\u00e9tica de tu chimenea sin restarle protagonismo.<\/p>\r\n\r\n<h3 data-start=\"964\" data-end=\"991\">Beneficios principales:<\/h3>\r\n<ul data-start=\"992\" data-end=\"1219\">\r\n \t<li data-start=\"992\" data-end=\"1040\">\r\n<p data-start=\"994\" data-end=\"1040\">Mayor <strong data-start=\"1000\" data-end=\"1040\">seguridad para tu hogar y tu familia<\/strong><\/p>\r\n<\/li>\r\n \t<li data-start=\"1041\" data-end=\"1081\">\r\n<p data-start=\"1043\" data-end=\"1081\">Protecci\u00f3n contra <strong data-start=\"1061\" data-end=\"1081\">chispas y brasas<\/strong><\/p>\r\n<\/li>\r\n \t<li data-start=\"1082\" data-end=\"1127\">\r\n<p data-start=\"1084\" data-end=\"1127\">Materiales resistentes a altas temperaturas<\/p>\r\n<\/li>\r\n \t<li data-start=\"1128\" data-end=\"1167\">\r\n<p data-start=\"1130\" data-end=\"1167\">Dise\u00f1o decorativo, sobrio y funcional<\/p>\r\n<\/li>\r\n \t<li data-start=\"1168\" data-end=\"1219\">\r\n<p data-start=\"1170\" data-end=\"1219\">Ideal para chimeneas de le\u00f1a y fogones interiores<\/p>\r\n<\/li>\r\n<\/ul>\r\n<p data-start=\"1221\" data-end=\"1385\">En <strong data-start=\"1224\" data-end=\"1247\">Chimeneas el Chalet<\/strong>, seguimos apostando por la <strong data-start=\"1275\" data-end=\"1305\">innovaci\u00f3n y la excelencia<\/strong>, creando accesorios que elevan la experiencia del fuego con seguridad y estilo.<\/p>","ficha_tecnica":"","manual_de_instrucciones":"","recomendaciones":"","dimensiones":"","alto":"50 cm","frente":"70 cm","base":"","peso":"3,5 Kg","largo":"","ancho":"","color":"Negro","marca":"El chalet","eficiencia_calorica":"","potencia":"","material":"Acero","tipo_de_combustible":"Le\u00f1a","alternativas_eficientes":""},"gallery_images":[],"_links":{"self":[{"href":"https:\/\/chimeneaselchalet.com\/en\/wp-json\/wp\/v2\/product\/626","targetHints":{"allow":["GET"]}}],"collection":[{"href":"https:\/\/chimeneaselchalet.com\/en\/wp-json\/wp\/v2\/product"}],"about":[{"href":"https:\/\/chimeneaselchalet.com\/en\/wp-json\/wp\/v2\/types\/product"}],"wp:featuredmedia":[{"embeddable":true,"href":"https:\/\/chimeneaselchalet.com\/en\/wp-json\/wp\/v2\/media\/702"}],"wp:attachment":[{"href":"https:\/\/chimeneaselchalet.com\/en\/wp-json\/wp\/v2\/media?parent=626"}],"wp:term":[{"taxonomy":"color","embeddable":true,"href":"https:\/\/chimeneaselchalet.com\/en\/wp-json\/wp\/v2\/color?post=626"},{"taxonomy":"product_brand","embeddable":true,"href":"https:\/\/chimeneaselchalet.com\/en\/wp-json\/wp\/v2\/product_brand?post=626"},{"taxonomy":"product_cat","embeddable":true,"href":"https:\/\/chimeneaselchalet.com\/en\/wp-json\/wp\/v2\/product_cat?post=626"},{"taxonomy":"product_tag","embeddable":true,"href":"https:\/\/chimeneaselchalet.com\/en\/wp-json\/wp\/v2\/product_tag?post=626"}],"curies":[{"name":"wp","href":"https:\/\/api.w.org\/{rel}","templated":true}]}}