{"id":627,"date":"2024-06-10T13:50:00","date_gmt":"2024-06-10T18:50:00","guid":{"rendered":"https:\/\/chimeneaselchalet.com\/?post_type=product&#038;p=627"},"modified":"2026-04-07T17:10:06","modified_gmt":"2026-04-07T22:10:06","slug":"centro-de-fuego-el-chalet-calefaccion-exterior","status":"publish","type":"product","link":"https:\/\/chimeneaselchalet.com\/en\/product\/centro-de-fuego-el-chalet-calefaccion-exterior\/","title":{"rendered":"El Chalet fire center"},"content":{"rendered":"","protected":false},"excerpt":{"rendered":"","protected":false},"featured_media":2921,"template":"","meta":{"_acf_changed":false,"_seopress_robots_primary_cat":"none","_seopress_titles_title":"Chimeneas de Exterior en Bogot\u00e1 | Calienta tus espacios al aire libre","_seopress_titles_desc":"Transforma tu jard\u00edn en un oasis con nuestras chimeneas de exterior. Dise\u00f1o exclusivo, calidad superior y f\u00e1cil instalaci\u00f3n. \u00a1Descubre nuestra amplia gama de productos!","_seopress_robots_index":""},"color":[],"product_brand":[],"product_cat":[22],"product_tag":[110,105,468,474,496,483,493,485,486,491,513,472,473,467,476,466,498,477,479,478,495,492,480,481,469,500,471,497,470,494,475,75,509,503,433,103,507,514,259,487,490,44,489,499,488,108,482,104,518,502,510,511,508,516,506,515,505,501,512,517,106,504,112,107,484,101],"class_list":{"0":"post-627","1":"product","2":"type-product","3":"status-publish","4":"has-post-thumbnail","6":"product_cat-centros-de-fuego-y-calefaccion-exterior","7":"product_tag-bogota","8":"product_tag-calefaccion-exterior","9":"product_tag-calefaccion-exterior-a-gas","10":"product_tag-calefaccion-exterior-comercial","11":"product_tag-calefaccion-exterior-en-colombia","12":"product_tag-calefaccion-exterior-para-arquitectura","13":"product_tag-calefaccion-exterior-para-jardines-modernos","14":"product_tag-calefaccion-exterior-para-proyectos","15":"product_tag-calefaccion-exterior-para-restaurantes","16":"product_tag-calefaccion-exterior-para-terrazas-pequenas","17":"product_tag-calefaccion-exterior-portatil","18":"product_tag-calefaccion-exterior-premium","19":"product_tag-calefaccion-exterior-residencial","20":"product_tag-calefaccion-para-jardines","21":"product_tag-calefaccion-para-patios-exteriores","22":"product_tag-calefaccion-para-terrazas","23":"product_tag-calefaccion-para-terrazas-en-colombia","24":"product_tag-calefactor-con-quemador-ceramico","25":"product_tag-calefactor-de-techo-para-exteriores","26":"product_tag-calefactor-exterior-con-control-remoto","27":"product_tag-calefactor-exterior-para-balcones","28":"product_tag-calefactor-exterior-para-clima-frio","29":"product_tag-calefactor-infrarrojo-exterior","30":"product_tag-calefactor-mural-para-exteriores","31":"product_tag-calefactores-de-pared-exteriores","32":"product_tag-calefactores-exteriores-bogota","33":"product_tag-calefactores-exteriores-elegantes","34":"product_tag-calefactores-exteriores-en-colombia","35":"product_tag-calefactores-exteriores-modernos","36":"product_tag-calefactores-exteriores-para-restaurantes","37":"product_tag-calefactores-para-terrazas-cubiertas","38":"product_tag-centro-de-fuego","39":"product_tag-centro-de-fuego-a-gas","40":"product_tag-centro-de-fuego-portatil","41":"product_tag-chimenea-de-exterior-portatil","42":"product_tag-chimenea-exterior","43":"product_tag-chimenea-exterior-a-gas","44":"product_tag-chimenea-portatil-para-exteriores","45":"product_tag-chimeneas-de-colombia","46":"product_tag-chimeneas-de-exterior","47":"product_tag-chimeneas-de-exterior-personalizadas","48":"product_tag-chimeneas-el-chalet","49":"product_tag-chimeneas-exteriores-a-gas","50":"product_tag-chimeneas-exteriores-en-colombia","51":"product_tag-chimeneas-exteriores-modernas","52":"product_tag-diseno-de-exteriores","53":"product_tag-diseno-de-terrazas-con-calefaccion","54":"product_tag-fire-pit","55":"product_tag-fire-pit-a-gas-para-exteriores","56":"product_tag-fire-pit-a-gas-propano","57":"product_tag-fire-pit-con-cilindro-de-gas","58":"product_tag-fire-pit-con-quemador-lineal","59":"product_tag-fire-pit-moderno-exterior","60":"product_tag-fire-pit-para-balcones","61":"product_tag-fire-pit-para-jardin","62":"product_tag-fire-pit-para-patios","63":"product_tag-fire-pit-para-terraza","64":"product_tag-fire-pit-portatil","65":"product_tag-fire-pit-portatil-moderno","66":"product_tag-fire-pit-resistente-a-la-intemperie","67":"product_tag-fogata","68":"product_tag-fogata-portatil-a-gas","69":"product_tag-fogatas-de-lena","70":"product_tag-jardin","71":"product_tag-soluciones-de-calefaccion-exterior","72":"product_tag-terraza","74":"first","75":"instock","76":"taxable","77":"shipping-taxable","78":"purchasable","79":"product-type-simple"},"acf":{"descripcion":"<div class=\"fl-module fl-module-rich-text fl-node-4ipfudlm5nkv\" data-node=\"4ipfudlm5nkv\">\r\n<div class=\"fl-module-content fl-node-content\">\r\n<div class=\"fl-rich-text\">\r\n\r\nDescripci\u00f3n\r\n\r\n<\/div>\r\n<\/div>\r\n<\/div>\r\n<div class=\"fl-col-group fl-node-xngpmb9v1wik fl-col-group-nested\" data-node=\"xngpmb9v1wik\">\r\n<div class=\"fl-col fl-node-xyhv5edo3s6u fl-col-bg-color\" data-node=\"xyhv5edo3s6u\">\r\n<div class=\"fl-col-content fl-node-content\">\r\n<div class=\"fl-module fl-module-rich-text fl-node-e9rt5fvu0po8\" data-node=\"e9rt5fvu0po8\">\r\n<div class=\"fl-module-content fl-node-content\">\r\n<div class=\"fl-rich-text\">\r\n\r\n&nbsp;\r\n\r\n<strong><img class=\"emoji\" role=\"img\" draggable=\"false\" src=\"https:\/\/s.w.org\/images\/core\/emoji\/17.0.2\/svg\/1f525.svg\" alt=\"\ud83d\udd25\" \/>\u00a0Chimeneas, Fire Pits, centros de fuego y Calefacci\u00f3n Exterior<\/strong>\r\n\r\n<strong>Disfruta de tu jard\u00edn o terraza todo el a\u00f1o<\/strong>\r\n\r\nNuestra\u00a0<strong>chimenea de exterior<\/strong>\u00a0cuadrada combina\u00a0<strong>dise\u00f1o minimalista y funcionalidad<\/strong>, convirti\u00e9ndose en una pieza protagonista para cualquier espacio al aire libre. Su\u00a0<strong>forma circular<\/strong>\u00a0y su\u00a0<strong>acabado \u00fanico<\/strong>\u00a0aportan car\u00e1cter y elegancia, mientras la llama crea un ambiente\u00a0<strong>c\u00e1lido y acogedor<\/strong>.\r\n\r\n<strong><img class=\"emoji\" role=\"img\" draggable=\"false\" src=\"https:\/\/s.w.org\/images\/core\/emoji\/17.0.2\/svg\/1f4d0.svg\" alt=\"\ud83d\udcd0\" \/>\u00a0Medidas<\/strong>\r\n<ul>\r\n \t<li><strong>El valor corresponde a: 80 cm x 80 cm<\/strong><\/li>\r\n \t<li><strong>Disponibles desde 80 cm hasta 120 cm<\/strong><\/li>\r\n \t<li><strong>43 cm de altura<\/strong><\/li>\r\n<\/ul>\r\n<strong><img class=\"emoji\" role=\"img\" draggable=\"false\" src=\"https:\/\/s.w.org\/images\/core\/emoji\/17.0.2\/svg\/2728.svg\" alt=\"\u2728\" \/>\u00a0Caracter\u00edsticas principales<\/strong>\r\n<ul>\r\n \t<li><strong>Fire pit moderno para exteriores<\/strong><\/li>\r\n \t<li><strong>Material: Acero HR 3 mm<\/strong><\/li>\r\n \t<li><strong>Quemador redondo<\/strong>\u00a0para una llama uniforme<\/li>\r\n \t<li><strong>Encendido manual lateral<\/strong>, pr\u00e1ctico y seguro<\/li>\r\n \t<li>Incluye tapa protectora<\/li>\r\n \t<li>Tapa laterales en madera teca<\/li>\r\n \t<li>Dise\u00f1o ideal para\u00a0<strong>jardines, terrazas y patios<\/strong><\/li>\r\n \t<li>Apta para uso exterior<\/li>\r\n<\/ul>\r\n<strong><img class=\"emoji\" role=\"img\" draggable=\"false\" src=\"https:\/\/s.w.org\/images\/core\/emoji\/17.0.2\/svg\/1f6e0.svg\" alt=\"\ud83d\udee0\ufe0f\" \/>\u00a0Sistema de encendido<\/strong>\r\n\r\nCuenta con\u00a0<strong>sistema de encendido manual lateral sin control<\/strong>, dise\u00f1ado espec\u00edficamente para exteriores.\r\n\r\n<strong><img class=\"emoji\" role=\"img\" draggable=\"false\" src=\"https:\/\/s.w.org\/images\/core\/emoji\/17.0.2\/svg\/2139.svg\" alt=\"\u2139\ufe0f\" \/>\u00a0Informaci\u00f3n importante<\/strong>\r\n<ul>\r\n \t<li>El valor\u00a0<strong>no incluye instalaci\u00f3n<\/strong><\/li>\r\n \t<li>Cotiza la instalaci\u00f3n con uno de nuestros asesores<\/li>\r\n<\/ul>\r\n<strong><img class=\"emoji\" role=\"img\" draggable=\"false\" src=\"https:\/\/s.w.org\/images\/core\/emoji\/17.0.2\/svg\/1f3e1.svg\" alt=\"\ud83c\udfe1\" \/>\u00a0Chimeneas de exterior personalizadas<\/strong>\r\n\r\n<strong>Crea tu propio espacio<\/strong>\r\n<strong>Chimeneas el Chalet<\/strong>\r\n\r\n<\/div>\r\n<\/div>\r\n<\/div>\r\n<\/div>\r\n<\/div>\r\n<\/div>","ficha_tecnica":"","manual_de_instrucciones":"","recomendaciones":"","dimensiones":"","alto":"15 cm","frente":"80 cm","base":"80 cm","peso":"","largo":"","ancho":"","color":"Negro mate","marca":"El chalet","eficiencia_calorica":"30 m2","potencia":"11 Kw","material":"Acero","tipo_de_combustible":"Gas natural o gas propano","alternativas_eficientes":""},"gallery_images":[705],"_links":{"self":[{"href":"https:\/\/chimeneaselchalet.com\/en\/wp-json\/wp\/v2\/product\/627","targetHints":{"allow":["GET"]}}],"collection":[{"href":"https:\/\/chimeneaselchalet.com\/en\/wp-json\/wp\/v2\/product"}],"about":[{"href":"https:\/\/chimeneaselchalet.com\/en\/wp-json\/wp\/v2\/types\/product"}],"wp:featuredmedia":[{"embeddable":true,"href":"https:\/\/chimeneaselchalet.com\/en\/wp-json\/wp\/v2\/media\/2921"}],"wp:attachment":[{"href":"https:\/\/chimeneaselchalet.com\/en\/wp-json\/wp\/v2\/media?parent=627"}],"wp:term":[{"taxonomy":"color","embeddable":true,"href":"https:\/\/chimeneaselchalet.com\/en\/wp-json\/wp\/v2\/color?post=627"},{"taxonomy":"product_brand","embeddable":true,"href":"https:\/\/chimeneaselchalet.com\/en\/wp-json\/wp\/v2\/product_brand?post=627"},{"taxonomy":"product_cat","embeddable":true,"href":"https:\/\/chimeneaselchalet.com\/en\/wp-json\/wp\/v2\/product_cat?post=627"},{"taxonomy":"product_tag","embeddable":true,"href":"https:\/\/chimeneaselchalet.com\/en\/wp-json\/wp\/v2\/product_tag?post=627"}],"curies":[{"name":"wp","href":"https:\/\/api.w.org\/{rel}","templated":true}]}}