{"id":628,"date":"2024-06-10T13:50:00","date_gmt":"2024-06-10T18:50:00","guid":{"rendered":"https:\/\/chimeneaselchalet.com\/?post_type=product&#038;p=628"},"modified":"2026-04-07T17:09:44","modified_gmt":"2026-04-07T22:09:44","slug":"centro-de-fuego-para-exteriores-lena","status":"publish","type":"product","link":"https:\/\/chimeneaselchalet.com\/en\/product\/centro-de-fuego-para-exteriores-lena\/","title":{"rendered":"fire center campfire wood shapes"},"content":{"rendered":"","protected":false},"excerpt":{"rendered":"","protected":false},"featured_media":2927,"template":"","meta":{"_acf_changed":false,"_seopress_robots_primary_cat":"none","_seopress_titles_title":"Fire Pits y fogatas | Crea momentos \u00a1Oferta \u00danica!","_seopress_titles_desc":"Calienta tus noches al aire libre con nuestros fire pits y centros de fuego. Ideales para reuniones y momentos de relax. \u00a1Visita nuestra tienda online!","_seopress_robots_index":""},"color":[],"product_brand":[],"product_cat":[22],"product_tag":[110,105,75,103,44,108,104,106,112,107,101],"class_list":{"0":"post-628","1":"product","2":"type-product","3":"status-publish","4":"has-post-thumbnail","6":"product_cat-centros-de-fuego-y-calefaccion-exterior","7":"product_tag-bogota","8":"product_tag-calefaccion-exterior","9":"product_tag-centro-de-fuego","10":"product_tag-chimenea-exterior","11":"product_tag-chimeneas-el-chalet","12":"product_tag-diseno-de-exteriores","13":"product_tag-fire-pit","14":"product_tag-fogata","15":"product_tag-fogatas-de-lena","16":"product_tag-jardin","17":"product_tag-terraza","19":"first","20":"instock","21":"sale","22":"taxable","23":"shipping-taxable","24":"purchasable","25":"product-type-simple"},"acf":{"descripcion":"<em>Fire Pits y Centros de Fuego | Crea momentos inolvidables<\/em>\r\n\r\nNuestra hoguera port\u00e1til te permite llevar el calor y la diversi\u00f3n a donde quieras. Convierte tus noches al aire libre en momentos inolvidables gracias a su dise\u00f1o vers\u00e1til.Util\u00edzala como fogata tradicional o como parrilla para asar tus alimentos favoritos. Incluye la plancha para asar, La maleta de transporte <strong>no est\u00e1 incluida.<\/strong>\r\n\r\n<em>Chimeneas de exterior personalizadas | Crea tu propio espacio | Chimeneas el Chalet<\/em>","ficha_tecnica":"","manual_de_instrucciones":"","recomendaciones":"","dimensiones":"","alto":"30 cm","frente":"50 cm","base":"","peso":"","largo":"60 cm","ancho":"","color":"Negro o caf\u00e9 oxido","marca":"El chalet","eficiencia_calorica":"","potencia":"","material":"Acero Hr","tipo_de_combustible":"Le\u00f1a","alternativas_eficientes":""},"gallery_images":[710,711],"_links":{"self":[{"href":"https:\/\/chimeneaselchalet.com\/en\/wp-json\/wp\/v2\/product\/628","targetHints":{"allow":["GET"]}}],"collection":[{"href":"https:\/\/chimeneaselchalet.com\/en\/wp-json\/wp\/v2\/product"}],"about":[{"href":"https:\/\/chimeneaselchalet.com\/en\/wp-json\/wp\/v2\/types\/product"}],"wp:featuredmedia":[{"embeddable":true,"href":"https:\/\/chimeneaselchalet.com\/en\/wp-json\/wp\/v2\/media\/2927"}],"wp:attachment":[{"href":"https:\/\/chimeneaselchalet.com\/en\/wp-json\/wp\/v2\/media?parent=628"}],"wp:term":[{"taxonomy":"color","embeddable":true,"href":"https:\/\/chimeneaselchalet.com\/en\/wp-json\/wp\/v2\/color?post=628"},{"taxonomy":"product_brand","embeddable":true,"href":"https:\/\/chimeneaselchalet.com\/en\/wp-json\/wp\/v2\/product_brand?post=628"},{"taxonomy":"product_cat","embeddable":true,"href":"https:\/\/chimeneaselchalet.com\/en\/wp-json\/wp\/v2\/product_cat?post=628"},{"taxonomy":"product_tag","embeddable":true,"href":"https:\/\/chimeneaselchalet.com\/en\/wp-json\/wp\/v2\/product_tag?post=628"}],"curies":[{"name":"wp","href":"https:\/\/api.w.org\/{rel}","templated":true}]}}