{"id":631,"date":"2024-06-10T13:50:45","date_gmt":"2024-06-10T18:50:45","guid":{"rendered":"https:\/\/chimeneaselchalet.com\/?post_type=product&#038;p=631"},"modified":"2026-02-06T12:46:09","modified_gmt":"2026-02-06T17:46:09","slug":"semicodo-desviacion","status":"publish","type":"product","link":"https:\/\/chimeneaselchalet.com\/en\/product\/semicodo-desviacion\/","title":{"rendered":"Deflection half bend"},"content":{"rendered":"","protected":false},"excerpt":{"rendered":"<p><strong>Description:<\/strong> Elementos cil\u00edndricos creados para hacer desviaciones de los ductos y garantizar la correcta evacuaci\u00f3n del humo o del Mon\u00f3xido de Carbono (CO). Elaborados en l\u00e1mina de acero galvanizado Cal.24 o en acero inoxidable Cal. 24, con un acople incorporado para facilitar el ensamble entre s\u00ed. <strong>Dimensions:<\/strong> <strong>Material:<\/strong> Acero Inoxidable 304 <strong>Color:<\/strong> plata<\/p>","protected":false},"featured_media":4078,"template":"","meta":{"_acf_changed":false,"_seopress_robots_primary_cat":"none","_seopress_titles_title":"Soluci\u00f3n Completa para tu Chimenea | Insumos y Accesorios","_seopress_titles_desc":"Encuentra todo lo que necesitas para construir o remodelar tu chimenea. Ofrecemos una soluci\u00f3n completa con insumos de calidad y accesorios decorativos.","_seopress_robots_index":""},"color":[],"product_brand":[],"product_cat":[25,23],"product_tag":[543,522,520,548,124,535,534,556,536,537,533,552,527,127,129,553,531,528,542,128,130,59,519,554,549,544,550,523,122,524,546,545,525,123,34,526,126,125,539,557,541,540,538,521,547,532,530,555,529,551],"class_list":{"0":"post-631","1":"product","2":"type-product","3":"status-publish","4":"has-post-thumbnail","6":"product_cat-chimeneas-de-lena-combustion-lenta","7":"product_cat-insumos-para-chimeneas","8":"product_tag-accesorios-de-instalacion-para-chimeneas","9":"product_tag-accesorios-para-chimeneas","10":"product_tag-accesorios-para-chimeneas-de-lena","11":"product_tag-accesorios-para-chimeneas-en-colombia","12":"product_tag-aislamiento-termico","13":"product_tag-campana-extractora-para-chimenea","14":"product_tag-campana-metalica-para-chimenea","15":"product_tag-campanas-metalicas-para-chimeneas-de-lena","16":"product_tag-campanas-para-chimeneas-a-lena","17":"product_tag-campanas-para-chimeneas-artesanales","18":"product_tag-campanas-para-chimeneas-de-lena","19":"product_tag-campanas-para-chimeneas-en-colombia","20":"product_tag-cemento-refractario-para-chimeneas","21":"product_tag-ceniceros","22":"product_tag-diseno-de-chimeneas","23":"product_tag-donde-comprar-accesorios-para-chimeneas","24":"product_tag-ductos-metalicos-para-chimeneas","25":"product_tag-ductos-para-chimeneas-de-lena","26":"product_tag-entradas-de-aire-para-chimeneas","27":"product_tag-herramientas-para-chimenea","28":"product_tag-instalacion-de-chimeneas","29":"product_tag-insumos-para-chimeneas","30":"product_tag-insumos-para-chimeneas-de-lena","31":"product_tag-insumos-para-chimeneas-de-lena-en-bogota","32":"product_tag-insumos-para-chimeneas-en-colombia","33":"product_tag-kits-de-instalacion-para-chimeneas-de-lena","34":"product_tag-ladrillo-refractario-en-colombia","35":"product_tag-ladrillo-refractario-para-chimenea","36":"product_tag-ladrillos-refractarios","37":"product_tag-ladrillos-refractarios-para-chimeneas-de-lena","38":"product_tag-limpieza-de-chimeneas-de-lena","39":"product_tag-mantenimiento-de-chimeneas-de-lena","40":"product_tag-material-refractario-para-chimeneas","41":"product_tag-mortero-refractario","42":"product_tag-parrillas","43":"product_tag-placas-refractarias-para-chimeneas","44":"product_tag-puertas-para-chimenea","45":"product_tag-rejillas","46":"product_tag-rejillas-de-ventilacion-para-chimeneas","47":"product_tag-rejillas-de-ventilacion-para-chimeneas-de-lena","48":"product_tag-rejillas-decorativas-para-chimeneas","49":"product_tag-rejillas-metalicas-para-chimeneas","50":"product_tag-rejillas-para-chimeneas-de-lena","51":"product_tag-repuestos-para-chimeneas-de-lena","52":"product_tag-repuestos-y-accesorios-para-chimeneas","53":"product_tag-tubos-aislados-para-chimeneas","54":"product_tag-tubos-de-acero-para-chimeneas","55":"product_tag-tubos-metalicos-para-chimeneas-de-lena","56":"product_tag-tubos-para-chimeneas-de-lena","57":"product_tag-tubos-para-chimeneas-en-colombia","59":"first","60":"instock","61":"taxable","62":"shipping-taxable","63":"purchasable","64":"product-type-simple"},"acf":{"descripcion":"<h2 data-start=\"121\" data-end=\"184\">\ud83d\udd27 Soluci\u00f3n completa para tu chimenea | Insumos y accesorios<\/h2>\r\n<p data-start=\"186\" data-end=\"363\">Nuestro <strong data-start=\"194\" data-end=\"252\">codo para chimenea en acero inoxidable de alta calidad<\/strong> es la soluci\u00f3n ideal para realizar <strong data-start=\"288\" data-end=\"325\">desviaciones seguras y eficientes<\/strong> en el sistema de evacuaci\u00f3n de humos.<\/p>\r\n<p data-start=\"365\" data-end=\"642\">Su <strong data-start=\"368\" data-end=\"386\">dise\u00f1o preciso<\/strong>, junto con un <strong data-start=\"401\" data-end=\"428\">acabado pulido elegante<\/strong>, no solo garantiza un \u00f3ptimo desempe\u00f1o t\u00e9cnico, sino que tambi\u00e9n aporta un <strong data-start=\"504\" data-end=\"522\">valor est\u00e9tico<\/strong> que se integra f\u00e1cilmente a cualquier estilo de instalaci\u00f3n, desde espacios modernos hasta proyectos m\u00e1s tradicionales.<\/p>\r\n\r\n<h3 data-start=\"644\" data-end=\"676\">Caracter\u00edsticas principales:<\/h3>\r\n<ul data-start=\"677\" data-end=\"929\">\r\n \t<li data-start=\"677\" data-end=\"728\">\r\n<p data-start=\"679\" data-end=\"728\">Fabricado en <strong data-start=\"692\" data-end=\"728\">acero inoxidable de alta calidad<\/strong><\/p>\r\n<\/li>\r\n \t<li data-start=\"729\" data-end=\"792\">\r\n<p data-start=\"731\" data-end=\"792\">Permite <strong data-start=\"739\" data-end=\"766\">desviaciones eficientes<\/strong> en el ducto de evacuaci\u00f3n<\/p>\r\n<\/li>\r\n \t<li data-start=\"793\" data-end=\"839\">\r\n<p data-start=\"795\" data-end=\"839\"><strong data-start=\"795\" data-end=\"839\">Alta resistencia al calor y la corrosi\u00f3n<\/strong><\/p>\r\n<\/li>\r\n \t<li data-start=\"840\" data-end=\"893\">\r\n<p data-start=\"842\" data-end=\"893\"><strong data-start=\"842\" data-end=\"860\">Acabado pulido<\/strong> de aspecto elegante y decorativo<\/p>\r\n<\/li>\r\n \t<li data-start=\"894\" data-end=\"929\">\r\n<p data-start=\"896\" data-end=\"929\">Instalaci\u00f3n <strong data-start=\"908\" data-end=\"929\">sencilla y segura<\/strong><\/p>\r\n<\/li>\r\n<\/ul>\r\n\r\n<hr data-start=\"931\" data-end=\"934\" \/>\r\n\r\n<h2 data-start=\"936\" data-end=\"1009\">\ud83c\udfd7\ufe0f Insumos de alta calidad para chimeneas | Construye con durabilidad<\/h2>\r\n<p data-start=\"1011\" data-end=\"1181\">Nuestros accesorios est\u00e1n dise\u00f1ados para ofrecer <strong data-start=\"1060\" data-end=\"1104\">seguridad, resistencia y larga vida \u00fatil<\/strong>, asegurando el correcto funcionamiento de tu chimenea a lo largo del tiempo.<\/p>","ficha_tecnica":"","manual_de_instrucciones":"","recomendaciones":"","dimensiones":"15 cm di\u00e1metro","alto":"45 cm","frente":"","base":"15 cm di\u00e1metro","peso":"2.5 Kg","largo":"","ancho":"","color":"Acero inoxidable o negro","marca":"El chalet","eficiencia_calorica":"","potencia":"","material":"Acero inoxidable","tipo_de_combustible":"Le\u00f1a o gas","alternativas_eficientes":""},"gallery_images":[4078],"_links":{"self":[{"href":"https:\/\/chimeneaselchalet.com\/en\/wp-json\/wp\/v2\/product\/631","targetHints":{"allow":["GET"]}}],"collection":[{"href":"https:\/\/chimeneaselchalet.com\/en\/wp-json\/wp\/v2\/product"}],"about":[{"href":"https:\/\/chimeneaselchalet.com\/en\/wp-json\/wp\/v2\/types\/product"}],"wp:featuredmedia":[{"embeddable":true,"href":"https:\/\/chimeneaselchalet.com\/en\/wp-json\/wp\/v2\/media\/4078"}],"wp:attachment":[{"href":"https:\/\/chimeneaselchalet.com\/en\/wp-json\/wp\/v2\/media?parent=631"}],"wp:term":[{"taxonomy":"color","embeddable":true,"href":"https:\/\/chimeneaselchalet.com\/en\/wp-json\/wp\/v2\/color?post=631"},{"taxonomy":"product_brand","embeddable":true,"href":"https:\/\/chimeneaselchalet.com\/en\/wp-json\/wp\/v2\/product_brand?post=631"},{"taxonomy":"product_cat","embeddable":true,"href":"https:\/\/chimeneaselchalet.com\/en\/wp-json\/wp\/v2\/product_cat?post=631"},{"taxonomy":"product_tag","embeddable":true,"href":"https:\/\/chimeneaselchalet.com\/en\/wp-json\/wp\/v2\/product_tag?post=631"}],"curies":[{"name":"wp","href":"https:\/\/api.w.org\/{rel}","templated":true}]}}