{"id":643,"date":"2024-06-10T13:51:00","date_gmt":"2024-06-10T18:51:00","guid":{"rendered":"https:\/\/chimeneaselchalet.com\/?post_type=product&#038;p=643"},"modified":"2026-01-30T17:07:11","modified_gmt":"2026-01-30T22:07:11","slug":"chimenea-de-bioetanol-cuadro","status":"publish","type":"product","link":"https:\/\/chimeneaselchalet.com\/en\/product\/chimenea-de-bioetanol-cuadro\/","title":{"rendered":"bioethanol fireplace box"},"content":{"rendered":"","protected":false},"excerpt":{"rendered":"<p>Description: Ethanol fireplaces are a revolutionary concept that, due to the nature of the fuel, does not require ducts or external exhaust.<br \/>\nDue to the liquid state of bioethanol, it does not require a constant supply or connection, as it is retained by the burner in internal compartments. Thanks to these characteristics, it allows for easy installation, mobility and relocation.<br \/>\nFireplace made of iron with a high temperature resistant paint coating.<\/p>\n<p><strong><em>Design to hang like a picture or embed in furniture, entertainment centers, etc.<\/em><\/strong><\/p>\n<p><strong>Receive everything you need to start enjoying your fireplace:<\/strong>\u00a0 1\/2 gal\u00f3n de bioetanol, |\u00a0 1 encendedor de boquilla larga, | 1 embudo, | 1 vara con tapa de ahogo y piedra decorativa de m\u00e1rmol blanca, tambi\u00e9n incluye manual de instrucciones y precauciones|<\/p>\n<p>If you&#039;re looking for a safe, clean, and portable way to enjoy fire in your home, ethanol fireplaces are the perfect solution.<\/p>\n<p>Product manufactured in Colombia<\/p>\n<p>Made entirely of iron sheet.<\/p>\n<p><strong>Dimensions:<\/strong> 80cm x 40cm high<\/p>\n<p><strong>Broad:<\/strong> 17.5 cm.<\/p>\n<p><strong>Material:<\/strong> iron<\/p>\n<p><strong>Color:<\/strong> Blanco, negro o caf\u00e9<\/p>\n<hr \/>\n<p style=\"text-align: center;\"><strong>Before using your bioethanol fireplace, please download and read the following information carefully.<\/strong><\/p>\n<hr \/>\n<p style=\"text-align: center;\"><span style=\"color: #ff0000;\"><strong>Instruction manual for bioethanol fireplaces<\/strong><\/span><\/p>\n<p style=\"text-align: center;\"><span style=\"color: #0000ff;\"><strong><a style=\"color: #0000ff;\" href=\"https:\/\/chimeneaselchalet.com\/wp-content\/uploads\/2023\/11\/2.-Manual-de-Instrucciones-Bioetanol-.pdf\">DOWNLOAD INSTRUCTION MANUAL<\/a><\/strong><\/span><\/p>\n<p style=\"text-align: center;\"><strong><span style=\"color: #ff0000;\">Bioethanol technical data sheet, fuel for bioethanol fireplaces<\/span><\/strong><\/p>\n<p style=\"text-align: center;\"><span style=\"color: #0000ff;\"><strong><a style=\"color: #0000ff;\" href=\"https:\/\/chimeneaselchalet.com\/wp-content\/uploads\/2023\/11\/5.-Ficha-Tecnica-Bioetanol.pdf\">DOWNLOAD BIOETHANOL TECHNICAL DATA SHEET<\/a><\/strong><\/span><\/p>\n<p style=\"text-align: center;\"><strong><span style=\"color: #ff0000;\">Tips before using the bioethanol fireplace<\/span><\/strong><\/p>\n<p style=\"text-align: center;\"><span style=\"color: #0000ff;\"><strong><a style=\"color: #0000ff;\" href=\"https:\/\/chimeneaselchalet.com\/wp-content\/uploads\/2023\/11\/4.-Sugerencia-al-Cliente.pdf\">DOWNLOAD BEFORE USE<\/a><\/strong><\/span><\/p>\n<hr \/>\n<p><strong>Fuel for use:<\/strong> Bioethanol<\/p>","protected":false},"featured_media":3493,"template":"","meta":{"_acf_changed":false,"_seopress_robots_primary_cat":"none","_seopress_titles_title":"Chimeneas de Bioetanol Port\u00e1tiles: Dise\u00f1o Moderno y F\u00e1cil Instalaci\u00f3n","_seopress_titles_desc":"Disfruta de un ambiente c\u00e1lido y acogedor con nuestras chimeneas de bioetanol port\u00e1tiles. Con un dise\u00f1o vers\u00e1til y econ\u00f3mico, nuestras chimeneas te permitir\u00e1n crear un espacio \u00fanico y confortable.","_seopress_robots_index":""},"color":[],"product_brand":[],"product_cat":[24],"product_tag":[197,195,199,190,153,134,194,44,154,191,192,193,196,200,160,198,159],"class_list":{"0":"post-643","1":"product","2":"type-product","3":"status-publish","4":"has-post-thumbnail","6":"product_cat-chimeneas-bioetanol","7":"product_tag-bioetanol","8":"product_tag-bogota-chimeneas-de-bioetanol","9":"product_tag-calefaccion-con-bioetanol","10":"product_tag-chimeneas-de-bioetanol","11":"product_tag-chimeneas-de-diseno","12":"product_tag-chimeneas-ecologicas","13":"product_tag-chimeneas-economicas","14":"product_tag-chimeneas-el-chalet","15":"product_tag-chimeneas-modernas","16":"product_tag-chimeneas-portatiles","17":"product_tag-chimeneas-sin-instalacion","18":"product_tag-chimeneas-versatiles","19":"product_tag-comprar-chimeneas-de-bioetanol","20":"product_tag-decoracion-de-interiore","21":"product_tag-diseno-de-interiores","22":"product_tag-fuego-sin-humo","23":"product_tag-hogar-acogedor","25":"first","26":"instock","27":"taxable","28":"shipping-taxable","29":"purchasable","30":"product-type-simple"},"acf":{"descripcion":"<strong>\ud83d\udd25 Chimenea de etanol de dise\u00f1o minimalista \u2013 limpia, port\u00e1til y sin humo<\/strong>\r\n\r\nEsta <strong>chimenea de etanol<\/strong> destaca por su <strong>estilo minimalista y dise\u00f1o moderno<\/strong>, ideal para integrarse con naturalidad en ambientes <strong>contempor\u00e1neos, industriales o modernos<\/strong>, aportando calidez y elegancia sin complicaciones.\r\n\r\nFunciona con <strong>bioetanol<\/strong>, un combustible <strong>limpio, biodegradable y ecol\u00f3gico<\/strong>, que <strong>no produce humo ni cenizas<\/strong>, permitiendo disfrutar del fuego real sin ductos, sin olores y sin conexiones de gas. El combustible se almacena directamente en el <strong>quemador<\/strong>, eliminando la necesidad de suministro constante o instalaciones complejas.\r\n\r\nGracias a su <strong>dise\u00f1o compacto y ligero<\/strong>, esta chimenea es <strong>f\u00e1cil de instalar y mover<\/strong>, ofreci\u00e9ndote la libertad de disfrutar del fuego en distintos espacios de tu hogar, seg\u00fan lo necesites.\r\n\r\n<strong>\ud83d\udce6 Kit completo incluido<\/strong>\r\n\r\nRecibe todo lo necesario para comenzar a disfrutar tu chimenea desde el primer d\u00eda:\r\n<ul>\r\n \t<li><strong>\u00bd gal\u00f3n de bioetanol<\/strong><\/li>\r\n \t<li><strong>Encendedor de boquilla larga<\/strong><\/li>\r\n \t<li><strong>Embudo<\/strong><\/li>\r\n \t<li><strong>Vara con tapa de ahogo<\/strong> para apagado seguro<\/li>\r\n \t<li><strong>Piedra decorativa de m\u00e1rmol blanca<\/strong><\/li>\r\n \t<li><strong>Manual de instrucciones y precauciones<\/strong><\/li>\r\n<\/ul>\r\n<strong>\ud83d\udd12 Uso seguro y pr\u00e1ctico<\/strong>\r\n\r\nDise\u00f1ada para un uso sencillo y confiable, esta chimenea incluye accesorios y recomendaciones que garantizan una <strong>experiencia segura<\/strong>, ideal para hogares modernos que buscan practicidad sin sacrificar dise\u00f1o.\r\n\r\n\u2728 Si buscas una <strong>chimenea port\u00e1til, limpia y sin humo en Colombia<\/strong>, esta <strong>chimenea de etanol<\/strong> es la soluci\u00f3n perfecta para disfrutar del fuego real con estilo, libertad y tranquilidad.\r\n\r\n<strong>\ud83d\udd12 Uso responsable y recomendaciones de seguridad<\/strong>\r\n\r\nAntes de realizar la compra y utilizar esta chimenea, es <strong>indispensable leer y comprender los manuales de uso, precauciones y advertencias<\/strong> suministrados con el producto.\r\nLas <strong>chimeneas de etanol requieren manipulaci\u00f3n directa del combustible por parte del usuario<\/strong>, por lo que se recomienda contar con <strong>conocimiento previo y seguir estrictamente las instrucciones de seguridad<\/strong>.\r\n\r\nEl uso inadecuado del combustible, del producto o la <strong>omisi\u00f3n en la lectura de los manuales<\/strong> puede generar riesgos. <strong>La empresa no se hace responsable por da\u00f1os, accidentes o mal funcionamiento derivados del uso incorrecto del producto, la manipulaci\u00f3n indebida del bioetanol o el incumplimiento de las recomendaciones de seguridad<\/strong>.","ficha_tecnica":2646,"manual_de_instrucciones":2644,"recomendaciones":2645,"dimensiones":"","alto":"40 cm","frente":"","base":"","peso":"","largo":"80 cm","ancho":"18 cm","color":"Negro mate, blanco o envejecido decorativo. ","marca":"el chalet","eficiencia_calorica":"25 m2","potencia":"5 Kw","material":"Estructura met\u00e1lica","tipo_de_combustible":"Bioetanol","alternativas_eficientes":""},"gallery_images":[3758,739,740],"_links":{"self":[{"href":"https:\/\/chimeneaselchalet.com\/en\/wp-json\/wp\/v2\/product\/643","targetHints":{"allow":["GET"]}}],"collection":[{"href":"https:\/\/chimeneaselchalet.com\/en\/wp-json\/wp\/v2\/product"}],"about":[{"href":"https:\/\/chimeneaselchalet.com\/en\/wp-json\/wp\/v2\/types\/product"}],"wp:featuredmedia":[{"embeddable":true,"href":"https:\/\/chimeneaselchalet.com\/en\/wp-json\/wp\/v2\/media\/3493"}],"wp:attachment":[{"href":"https:\/\/chimeneaselchalet.com\/en\/wp-json\/wp\/v2\/media?parent=643"}],"wp:term":[{"taxonomy":"color","embeddable":true,"href":"https:\/\/chimeneaselchalet.com\/en\/wp-json\/wp\/v2\/color?post=643"},{"taxonomy":"product_brand","embeddable":true,"href":"https:\/\/chimeneaselchalet.com\/en\/wp-json\/wp\/v2\/product_brand?post=643"},{"taxonomy":"product_cat","embeddable":true,"href":"https:\/\/chimeneaselchalet.com\/en\/wp-json\/wp\/v2\/product_cat?post=643"},{"taxonomy":"product_tag","embeddable":true,"href":"https:\/\/chimeneaselchalet.com\/en\/wp-json\/wp\/v2\/product_tag?post=643"}],"curies":[{"name":"wp","href":"https:\/\/api.w.org\/{rel}","templated":true}]}}