{"id":693,"date":"2024-06-10T13:59:42","date_gmt":"2024-06-10T18:59:42","guid":{"rendered":"https:\/\/chimeneaselchalet.com\/?post_type=product&#038;p=693"},"modified":"2026-01-29T12:47:31","modified_gmt":"2026-01-29T17:47:31","slug":"quemador-de-bioetanol-para-chimeneas-kit-completo","status":"publish","type":"product","link":"https:\/\/chimeneaselchalet.com\/en\/product\/quemador-de-bioetanol-para-chimeneas-kit-completo\/","title":{"rendered":"Bioethanol burner for fireplaces - complete kit"},"content":{"rendered":"","protected":false},"excerpt":{"rendered":"<p><strong>Description:<\/strong> Quemador para chimeneas de bioetanol, ideal para adaptar cualquier chimenea a este nuevo combustible, f\u00e1cil instalaci\u00f3n y muy seguras.<br \/>\nLas chimeneas de etanol son un concepto revolucionario que por la naturaleza del combustible no requiere ductos o tiraje al exterior.<\/p>\n<p>Due to the liquid state of bioethanol, it does not require a constant supply or connection, as it is retained by the burner in internal compartments. Thanks to these characteristics, it allows for easy installation, mobility and relocation.<\/p>\n<p>Rod with lid to regulate flame height and bioethanol consumption.<\/p>\n<p><strong>EL producto incluye:<\/strong> 1 gal\u00f3n de bioetanol, 1 encendedor de boquilla larga, 1 embudo,1 varilla en acero para manejar tapa de ahogo, 15 kg. Piedra decorativa de m\u00e1rmol blanca<br \/>\nDue to the burner&#039;s absorption function, liquid cannot escape in the event of a tip-over, so safety is guaranteed at all times.<\/p>\n<p>Product manufactured in Colombia<\/p>\n<p><strong>Dimensions:<\/strong> 60 cm (medidas disponibles hasta 1,20 cm)<\/p>\n<p><strong>High:<\/strong> 10 cm.<\/p>\n<p><strong>Material:<\/strong> Acero Cr<\/p>\n<p><strong>Color:<\/strong> Stainless steel<\/p>\n<p><strong>Fuel for use:<\/strong> Bioethanol<\/p>\n<p>Tienes una medida especial, cotiza ya escribi\u00e9ndonos al WhatsApp.<\/p>\n<hr \/>\n<p style=\"text-align: center;\"><strong>Before using your bioethanol fireplace, please download and read the following information carefully.<\/strong><\/p>\n<hr \/>\n<p style=\"text-align: center;\"><span style=\"color: #ff0000;\"><strong>Instruction manual for bioethanol fireplaces<\/strong><\/span><\/p>\n<p style=\"text-align: center;\"><span style=\"color: #0000ff;\"><strong><a style=\"color: #0000ff;\" href=\"https:\/\/chimeneaselchalet.com\/wp-content\/uploads\/2023\/11\/2.-Manual-de-Instrucciones-Bioetanol-.pdf\">DOWNLOAD INSTRUCTION MANUAL<\/a><\/strong><\/span><\/p>\n<p style=\"text-align: center;\"><strong><span style=\"color: #ff0000;\">Bioethanol technical data sheet, fuel for bioethanol fireplaces<\/span><\/strong><\/p>\n<p style=\"text-align: center;\"><span style=\"color: #0000ff;\"><strong><a style=\"color: #0000ff;\" href=\"https:\/\/chimeneaselchalet.com\/wp-content\/uploads\/2023\/11\/5.-Ficha-Tecnica-Bioetanol.pdf\">DOWNLOAD BIOETHANOL TECHNICAL DATA SHEET<\/a><\/strong><\/span><\/p>\n<p style=\"text-align: center;\"><strong><span style=\"color: #ff0000;\">Tips before using the bioethanol fireplace<\/span><\/strong><\/p>\n<p style=\"text-align: center;\"><span style=\"color: #0000ff;\"><strong><a style=\"color: #0000ff;\" href=\"https:\/\/chimeneaselchalet.com\/wp-content\/uploads\/2023\/11\/4.-Sugerencia-al-Cliente.pdf\">DOWNLOAD BEFORE USE<\/a><\/strong><\/span><\/p>\n<hr \/>","protected":false},"featured_media":774,"template":"","meta":{"_acf_changed":false,"_seopress_robots_primary_cat":"none","_seopress_titles_title":"Chimeneas de Bioetanol Port\u00e1tiles: Dise\u00f1o Moderno y F\u00e1cil Instalaci\u00f3n","_seopress_titles_desc":"Disfruta de un ambiente c\u00e1lido y acogedor con nuestras chimeneas de bioetanol port\u00e1tiles. Con un dise\u00f1o vers\u00e1til y econ\u00f3mico, nuestras chimeneas te permitir\u00e1n crear un espacio \u00fanico y confortable.","_seopress_robots_index":""},"color":[],"product_brand":[],"product_cat":[24],"product_tag":[197,195,199,190,153,134,194,44,154,191,192,193,196,161,160,198,159],"class_list":{"0":"post-693","1":"product","2":"type-product","3":"status-publish","4":"has-post-thumbnail","6":"product_cat-chimeneas-bioetanol","7":"product_tag-bioetanol","8":"product_tag-bogota-chimeneas-de-bioetanol","9":"product_tag-calefaccion-con-bioetanol","10":"product_tag-chimeneas-de-bioetanol","11":"product_tag-chimeneas-de-diseno","12":"product_tag-chimeneas-ecologicas","13":"product_tag-chimeneas-economicas","14":"product_tag-chimeneas-el-chalet","15":"product_tag-chimeneas-modernas","16":"product_tag-chimeneas-portatiles","17":"product_tag-chimeneas-sin-instalacion","18":"product_tag-chimeneas-versatiles","19":"product_tag-comprar-chimeneas-de-bioetanol","20":"product_tag-decoracion-de-interiores","21":"product_tag-diseno-de-interiores","22":"product_tag-fuego-sin-humo","23":"product_tag-hogar-acogedor","25":"first","26":"instock","27":"taxable","28":"shipping-taxable","29":"purchasable","30":"product-type-simple"},"acf":{"descripcion":"<strong>\ud83d\udd25 Chimenea de etanol kit para insertar \u2013 dise\u00f1o vanguardista y sin humo<\/strong>\r\n\r\nCon un <strong>dise\u00f1o moderno y vanguardista<\/strong>, , esta <strong>chimenea de etanol<\/strong> se convierte en el <strong>punto focal de cualquier ambiente<\/strong>, aportando car\u00e1cter, estilo y una experiencia visual \u00fanica, dise\u00f1ada para insertar en chimeneas existentes, <strong>evite usarla como chimenea port\u00e1til.<\/strong>\r\n\r\nFunciona con <strong>bioetanol<\/strong>, un combustible <strong>limpio, biodegradable y ecol\u00f3gico<\/strong>, que <strong>no produce humo ni cenizas<\/strong>, permitiendo disfrutar del fuego real sin ductos, sin olores y sin conexiones de gas. El combustible se almacena directamente en el <strong>quemador<\/strong>, eliminando la necesidad de un suministro constante.\r\n\r\n<strong>\ud83d\udce6 Kit completo incluido<\/strong>\r\n\r\nRecibe todo lo necesario para comenzar a disfrutar tu chimenea desde el primer d\u00eda:\r\n<ul>\r\n \t<li><strong>\u00bd gal\u00f3n de bioetanol<\/strong><\/li>\r\n \t<li><strong>Encendedor de boquilla larga<\/strong><\/li>\r\n \t<li><strong>Embudo<\/strong><\/li>\r\n \t<li><strong>Vara con tapa de ahogo<\/strong> para apagado seguro<\/li>\r\n \t<li><strong>Piedra decorativa de m\u00e1rmol blanca<\/strong><\/li>\r\n \t<li><strong>Manual de instrucciones y precauciones<\/strong><\/li>\r\n \t<li>El valor aplica para chimeneas de hasta 80 cm de largo<\/li>\r\n<\/ul>\r\n<strong>\ud83d\udd12 Uso responsable y recomendaciones de seguridad<\/strong>\r\n\r\nAntes de realizar la compra y utilizar esta chimenea, es <strong>indispensable leer y comprender los manuales de uso, precauciones y advertencias<\/strong> suministrados con el producto.\r\nLas <strong>chimeneas de etanol requieren manipulaci\u00f3n directa del combustible por parte del usuario<\/strong>, por lo que se recomienda contar con <strong>conocimiento previo y seguir estrictamente las instrucciones de seguridad<\/strong>.\r\n\r\nEl uso inadecuado del combustible, del producto o la <strong>omisi\u00f3n en la lectura de los manuales<\/strong> puede generar riesgos. <strong>La empresa no se hace responsable por da\u00f1os, accidentes o mal funcionamiento derivados del uso incorrecto del producto, la manipulaci\u00f3n indebida del bioetanol o el incumplimiento de las recomendaciones de seguridad<\/strong>.\r\n\r\n\u2728 Si buscas una <strong>chimenea de etanol moderna en Colombia<\/strong>, <strong>port\u00e1til, limpia y sin humo<\/strong>, y est\u00e1s dispuesto a utilizarla de manera responsable, esta es una excelente opci\u00f3n para disfrutar del fuego real con estilo y tranquilidad.","ficha_tecnica":"","manual_de_instrucciones":"","recomendaciones":"","dimensiones":"","alto":"10 cm","frente":"","base":"70 cm","peso":"12 Kg","largo":"60 cm","ancho":"15 cm","color":"Gris y negro","marca":"El chalet","eficiencia_calorica":"30 m2","potencia":"6 Kw","material":"Estructura met\u00e1lica","tipo_de_combustible":"Bioetanol","alternativas_eficientes":""},"gallery_images":[766],"_links":{"self":[{"href":"https:\/\/chimeneaselchalet.com\/en\/wp-json\/wp\/v2\/product\/693","targetHints":{"allow":["GET"]}}],"collection":[{"href":"https:\/\/chimeneaselchalet.com\/en\/wp-json\/wp\/v2\/product"}],"about":[{"href":"https:\/\/chimeneaselchalet.com\/en\/wp-json\/wp\/v2\/types\/product"}],"wp:featuredmedia":[{"embeddable":true,"href":"https:\/\/chimeneaselchalet.com\/en\/wp-json\/wp\/v2\/media\/774"}],"wp:attachment":[{"href":"https:\/\/chimeneaselchalet.com\/en\/wp-json\/wp\/v2\/media?parent=693"}],"wp:term":[{"taxonomy":"color","embeddable":true,"href":"https:\/\/chimeneaselchalet.com\/en\/wp-json\/wp\/v2\/color?post=693"},{"taxonomy":"product_brand","embeddable":true,"href":"https:\/\/chimeneaselchalet.com\/en\/wp-json\/wp\/v2\/product_brand?post=693"},{"taxonomy":"product_cat","embeddable":true,"href":"https:\/\/chimeneaselchalet.com\/en\/wp-json\/wp\/v2\/product_cat?post=693"},{"taxonomy":"product_tag","embeddable":true,"href":"https:\/\/chimeneaselchalet.com\/en\/wp-json\/wp\/v2\/product_tag?post=693"}],"curies":[{"name":"wp","href":"https:\/\/api.w.org\/{rel}","templated":true}]}}