{"id":708,"date":"2024-06-10T14:00:51","date_gmt":"2024-06-10T19:00:51","guid":{"rendered":"https:\/\/chimeneaselchalet.com\/?post_type=product&#038;p=708"},"modified":"2026-02-06T12:49:20","modified_gmt":"2026-02-06T17:49:20","slug":"salvachispas-sencillo","status":"publish","type":"product","link":"https:\/\/chimeneaselchalet.com\/en\/product\/salvachispas-sencillo\/","title":{"rendered":"Simple spark arrester"},"content":{"rendered":"","protected":false},"excerpt":{"rendered":"<p><strong>Description:<\/strong> Esta pantalla evita la salida de chispas, que puedan da\u00f1ar el piso o el tapete.<br \/>\nEst\u00e1 elaborada con materiales de alta calidad, confiables y duraderos.<\/p>\n<p>Dise\u00f1o elegante y moderno<br \/>\nMuy pr\u00e1ctico, funcional y estable<\/p>\n<p><strong>Dimensions:<\/strong> Alto 70cm x 50 cm y 50cm x 40 cm<\/p>\n<p><strong>Material:<\/strong> Hierro &#8211; bronce &#8211; cromo<\/p>","protected":false},"featured_media":806,"template":"","meta":{"_acf_changed":false,"_seopress_robots_primary_cat":"none","_seopress_titles_title":"Salvachispas Sencillo para Chimenea - \u00a1Protege tu Hogar!","_seopress_titles_desc":"Protege tu hogar con estilo con nuestro Salvachispas Sencillo, ideal para cualquier chimenea. Seguridad y dise\u00f1o en un solo producto.","_seopress_robots_index":""},"color":[],"product_brand":[],"product_cat":[23],"product_tag":[543,522,520,548,535,534,556,536,537,533,552,527,553,531,528,542,59,519,554,549,544,550,523,524,546,545,525,526,539,557,541,540,538,521,547,532,530,555,529,551],"class_list":{"0":"post-708","1":"product","2":"type-product","3":"status-publish","4":"has-post-thumbnail","6":"product_cat-insumos-para-chimeneas","7":"product_tag-accesorios-de-instalacion-para-chimeneas","8":"product_tag-accesorios-para-chimeneas","9":"product_tag-accesorios-para-chimeneas-de-lena","10":"product_tag-accesorios-para-chimeneas-en-colombia","11":"product_tag-campana-extractora-para-chimenea","12":"product_tag-campana-metalica-para-chimenea","13":"product_tag-campanas-metalicas-para-chimeneas-de-lena","14":"product_tag-campanas-para-chimeneas-a-lena","15":"product_tag-campanas-para-chimeneas-artesanales","16":"product_tag-campanas-para-chimeneas-de-lena","17":"product_tag-campanas-para-chimeneas-en-colombia","18":"product_tag-cemento-refractario-para-chimeneas","19":"product_tag-donde-comprar-accesorios-para-chimeneas","20":"product_tag-ductos-metalicos-para-chimeneas","21":"product_tag-ductos-para-chimeneas-de-lena","22":"product_tag-entradas-de-aire-para-chimeneas","23":"product_tag-insumos-para-chimeneas","24":"product_tag-insumos-para-chimeneas-de-lena","25":"product_tag-insumos-para-chimeneas-de-lena-en-bogota","26":"product_tag-insumos-para-chimeneas-en-colombia","27":"product_tag-kits-de-instalacion-para-chimeneas-de-lena","28":"product_tag-ladrillo-refractario-en-colombia","29":"product_tag-ladrillo-refractario-para-chimenea","30":"product_tag-ladrillos-refractarios-para-chimeneas-de-lena","31":"product_tag-limpieza-de-chimeneas-de-lena","32":"product_tag-mantenimiento-de-chimeneas-de-lena","33":"product_tag-material-refractario-para-chimeneas","34":"product_tag-placas-refractarias-para-chimeneas","35":"product_tag-rejillas-de-ventilacion-para-chimeneas","36":"product_tag-rejillas-de-ventilacion-para-chimeneas-de-lena","37":"product_tag-rejillas-decorativas-para-chimeneas","38":"product_tag-rejillas-metalicas-para-chimeneas","39":"product_tag-rejillas-para-chimeneas-de-lena","40":"product_tag-repuestos-para-chimeneas-de-lena","41":"product_tag-repuestos-y-accesorios-para-chimeneas","42":"product_tag-tubos-aislados-para-chimeneas","43":"product_tag-tubos-de-acero-para-chimeneas","44":"product_tag-tubos-metalicos-para-chimeneas-de-lena","45":"product_tag-tubos-para-chimeneas-de-lena","46":"product_tag-tubos-para-chimeneas-en-colombia","48":"first","49":"instock","50":"taxable","51":"shipping-taxable","52":"purchasable","53":"product-type-simple"},"acf":{"descripcion":"<p data-start=\"145\" data-end=\"498\">\ud83d\udee1\ufe0f <strong data-start=\"149\" data-end=\"181\">Protege tu hogar con estilo.<\/strong><\/p>\r\n<p data-start=\"145\" data-end=\"498\"><br data-start=\"181\" data-end=\"184\" \/>Nuestra <strong data-start=\"192\" data-end=\"229\">pantalla protectora para chimenea<\/strong> es la barrera perfecta entre el fuego y tu espacio, brindando <strong data-start=\"292\" data-end=\"320\">seguridad y tranquilidad<\/strong> sin sacrificar dise\u00f1o. Fabricada en <strong data-start=\"357\" data-end=\"375\">hierro acerado<\/strong> con <strong data-start=\"380\" data-end=\"417\">pintura negra de alta temperatura<\/strong>, garantiza resistencia, durabilidad y un excelente desempe\u00f1o frente al calor \ud83d\udd25.<\/p>\r\n<p data-start=\"500\" data-end=\"696\">Su dise\u00f1o <strong data-start=\"510\" data-end=\"536\">elegante y minimalista<\/strong> evita que las chispas salten y protege pisos y muebles, integr\u00e1ndose f\u00e1cilmente a cualquier estilo de decoraci\u00f3n y complementando la belleza de tu chimenea \ud83c\udfe1.<\/p>\r\n<p data-start=\"698\" data-end=\"823\">\ud83d\udcd0 <strong data-start=\"701\" data-end=\"713\">Medidas:<\/strong> 60 cm de frente x 50 cm de alto<br data-start=\"745\" data-end=\"748\" \/>\ud83e\uddf1 <strong data-start=\"751\" data-end=\"764\">Material:<\/strong> hierro acerado, color negro, pintura de altas temperaturas<\/p>\r\n<p data-start=\"825\" data-end=\"891\">Pantalla protectora para chimeneas de le\u00f1a<\/p>","ficha_tecnica":"","manual_de_instrucciones":"","recomendaciones":"","dimensiones":"","alto":"50 cm","frente":"","base":"","peso":"","largo":"60 cm","ancho":"","color":"Negro","marca":"El chalet","eficiencia_calorica":"","potencia":"","material":"Hierro","tipo_de_combustible":"","alternativas_eficientes":""},"gallery_images":[],"_links":{"self":[{"href":"https:\/\/chimeneaselchalet.com\/en\/wp-json\/wp\/v2\/product\/708","targetHints":{"allow":["GET"]}}],"collection":[{"href":"https:\/\/chimeneaselchalet.com\/en\/wp-json\/wp\/v2\/product"}],"about":[{"href":"https:\/\/chimeneaselchalet.com\/en\/wp-json\/wp\/v2\/types\/product"}],"wp:featuredmedia":[{"embeddable":true,"href":"https:\/\/chimeneaselchalet.com\/en\/wp-json\/wp\/v2\/media\/806"}],"wp:attachment":[{"href":"https:\/\/chimeneaselchalet.com\/en\/wp-json\/wp\/v2\/media?parent=708"}],"wp:term":[{"taxonomy":"color","embeddable":true,"href":"https:\/\/chimeneaselchalet.com\/en\/wp-json\/wp\/v2\/color?post=708"},{"taxonomy":"product_brand","embeddable":true,"href":"https:\/\/chimeneaselchalet.com\/en\/wp-json\/wp\/v2\/product_brand?post=708"},{"taxonomy":"product_cat","embeddable":true,"href":"https:\/\/chimeneaselchalet.com\/en\/wp-json\/wp\/v2\/product_cat?post=708"},{"taxonomy":"product_tag","embeddable":true,"href":"https:\/\/chimeneaselchalet.com\/en\/wp-json\/wp\/v2\/product_tag?post=708"}],"curies":[{"name":"wp","href":"https:\/\/api.w.org\/{rel}","templated":true}]}}