{"id":735,"date":"2024-06-10T14:03:00","date_gmt":"2024-06-10T19:03:00","guid":{"rendered":"https:\/\/chimeneaselchalet.com\/?post_type=product&#038;p=735"},"modified":"2026-01-29T10:18:45","modified_gmt":"2026-01-29T15:18:45","slug":"chimenea-de-gas-tipo-c","status":"publish","type":"product","link":"https:\/\/chimeneaselchalet.com\/en\/product\/chimenea-de-gas-tipo-c\/","title":{"rendered":"type c gas fireplace"},"content":{"rendered":"","protected":false},"excerpt":{"rendered":"<p><strong>Description:<\/strong>\u00a0Esta chimenea es ideal para espacio debajo de un TV, flotada del piso y muy moderna.<br \/>\nFabricada en su totalidad en paredes met\u00e1licas con un recubrimiento en pintura resistente a altas temperaturas de acabado muy fino.<br \/>\nThermal fiber for upper hood and support hook.<br \/>\nStainless steel connectors and copper fittings.<br \/>\nQuemador importado en acero inoxidable tipo vent-free con Venturi interno que controla la premezcla de aire.<br \/>\nSafety Pilot System that prevents gas escape.<br \/>\nControl remoto avanzado con funciones de niveles de llama, timer, termostato y seguro de ni\u00f1os.<\/p>\n<p><strong>Piedra decorativa de m\u00e1rmol color:<\/strong> blanca<br \/>\n<strong>Heat efficiency:<\/strong> 10.5 kW<\/p>\n<p><strong>High:<\/strong> Base de 20 cm alto, total de la chimenea: 80 cm<br \/>\n<strong>Long:<\/strong> 140 cm la parte m\u00e1s larga<br \/>\n<strong>Broad:<\/strong> 25cm<\/p>\n<p><strong>Material:<\/strong> Made of iron<br \/>\n<strong>Color:<\/strong> negro, blanco o terminaci\u00f3n \u00f3xido al natural.<br \/>\n<strong>Fuel for use:<\/strong> gas<\/p>\n<hr \/>\n<p style=\"text-align: center;\"><strong>Antes de usar tu chimenea de gas, por favor descarga y lee cuidadosamente la siguiente Informaci\u00f3n<\/strong><\/p>\n<hr \/>\n<p style=\"text-align: center;\"><span style=\"color: #ff0000;\"><strong>Manual de instrucciones chimeneas de gas<\/strong><\/span><\/p>\n<p style=\"text-align: center;\"><span style=\"color: #0000ff;\"><strong><a style=\"color: #0000ff;\" href=\"https:\/\/chimeneaselchalet.com\/wp-content\/uploads\/2023\/12\/MANUAL-CHIMENEA-DE-GAS-IT-AVANZADA-2023.pdf\"><br \/>\nDOWNLOAD INSTRUCTION MANUAL<\/a><\/strong><\/span><\/p>\n<p style=\"text-align: center;\"><strong><span style=\"color: #ff0000;\">Ficha t\u00e9cnica chimenea de gas<\/span><\/strong><\/p>\n<p style=\"text-align: center;\"><span style=\"color: #0000ff;\"><strong><a style=\"color: #0000ff;\" href=\"https:\/\/chimeneaselchalet.com\/wp-content\/uploads\/2023\/12\/FICHA-TECNICA-ECO-BLUE-CHIMENEA-DE-GAS.pdf\">DESCARGA FICHA T\u00c9CNCA DE CHIMENEA DE GAS<\/a><\/strong><\/span><\/p>","protected":false},"featured_media":2962,"template":"","meta":{"_acf_changed":false,"_seopress_robots_primary_cat":"none","_seopress_titles_title":"Chimenea a Gas de Alta Calidad - \u00a1Compra Ahora!","_seopress_titles_desc":"Descubre la elegancia y confort de nuestra chimenea a gas. Perfecta para cualquier hogar, \u00a1aporta calidez y estilo a tu espacio!","_seopress_robots_index":""},"color":[],"product_brand":[],"product_cat":[20],"product_tag":[362,359,277,364,381,174,344,294,276,349,400,275,388,392,295,401,273,288,315,316,317,308,309,297,305,290,342,341,346,348,347,340,343,302,369,393,299,313,312,314,289,319,320,326,327,328,329,398,395,397,325,318,306,165,50,336,333,337,334,338,332,331,330,339,335,298,103,301,303,296,307,304,300,368,402,404,62,259,151,366,403,367,293,374,384,376,283,286,391,278,361,279,357,356,370,355,380,350,382,140,399,394,351,352,274,291,378,284,120,159,389,321,396,285,280,138,385,323,324,322,354,282,292,371,373,383,358,377,390,345,310,311,387,287,379,363,375,281,353,372,386,365,360],"class_list":{"0":"post-735","1":"product","2":"type-product","3":"status-publish","4":"has-post-thumbnail","6":"product_cat-chimeneas-a-gas","7":"product_tag-acogedor","8":"product_tag-adaptable","9":"product_tag-ambiente","10":"product_tag-ambiente-relajante","11":"product_tag-autonomia","12":"product_tag-bajo-consumo","13":"product_tag-bioetanol-liquido","14":"product_tag-brasas","15":"product_tag-calefaccion","16":"product_tag-calefaccion-adicional","17":"product_tag-calle-93","18":"product_tag-calor","19":"product_tag-camara-de-combustion","20":"product_tag-cenicero-extraible","21":"product_tag-cenizas","22":"product_tag-chico-norte","23":"product_tag-chimenea","24":"product_tag-chimenea-a-gas","25":"product_tag-chimenea-a-gas-con-control-remoto","26":"product_tag-chimenea-a-gas-con-termostato","27":"product_tag-chimenea-a-gas-de-bajo-consumo","28":"product_tag-chimenea-a-gas-natural","29":"product_tag-chimenea-a-gas-propano","30":"product_tag-chimenea-clasica","31":"product_tag-chimenea-contemporanea","32":"product_tag-chimenea-de-bioetanol","33":"product_tag-chimenea-de-bioetanol-de-mesa","34":"product_tag-chimenea-de-bioetanol-de-pared","35":"product_tag-chimenea-de-bioetanol-ecologica","36":"product_tag-chimenea-de-bioetanol-moderna","37":"product_tag-chimenea-de-bioetanol-segura","38":"product_tag-chimenea-de-bioetanol-sin-instalacion","39":"product_tag-chimenea-de-bioetanol-suspendida","40":"product_tag-chimenea-de-diseno","41":"product_tag-chimenea-de-doble-combustion","42":"product_tag-chimenea-de-doble-combustion-de-alta-eficiencia","43":"product_tag-chimenea-de-esquina","44":"product_tag-chimenea-de-gas-de-pared","45":"product_tag-chimenea-de-gas-empotrada","46":"product_tag-chimenea-de-gas-suspendida","47":"product_tag-chimenea-de-lena","48":"product_tag-chimenea-de-lena-abierta","49":"product_tag-chimenea-de-lena-cerrada","50":"product_tag-chimenea-de-lena-con-pantalla","51":"product_tag-chimenea-de-lena-con-puerta-de-cristal","52":"product_tag-chimenea-de-lena-con-tiro-directo","53":"product_tag-chimenea-de-lena-con-tiro-forzado","54":"product_tag-chimenea-de-lena-de-hierro-fundido","55":"product_tag-chimenea-de-lena-ecologica","56":"product_tag-chimenea-de-lena-para-calefaccion-principal","57":"product_tag-chimenea-de-lena-rustica","58":"product_tag-chimenea-de-lena-tradicional","59":"product_tag-chimenea-de-obra","60":"product_tag-chimenea-de-pared","61":"product_tag-chimenea-electrica","62":"product_tag-chimenea-electrica-con-control-remoto","63":"product_tag-chimenea-electrica-con-efecto-de-llama","64":"product_tag-chimenea-electrica-con-temporizador","65":"product_tag-chimenea-electrica-con-termostato","66":"product_tag-chimenea-electrica-de-bajo-consumo","67":"product_tag-chimenea-electrica-de-esquina","68":"product_tag-chimenea-electrica-de-pared","69":"product_tag-chimenea-electrica-empotrada","70":"product_tag-chimenea-electrica-realista","71":"product_tag-chimenea-electrica-sin-instalacion","72":"product_tag-chimenea-empotrada","73":"product_tag-chimenea-exterior","74":"product_tag-chimenea-interior","75":"product_tag-chimenea-minimalista","76":"product_tag-chimenea-moderna","77":"product_tag-chimenea-prefabricada","78":"product_tag-chimenea-rustica","79":"product_tag-chimenea-suspendida","80":"product_tag-chimeneas-baratas","81":"product_tag-chimeneas-bogota","82":"product_tag-chimeneas-cali","83":"product_tag-chimeneas-colgantes","84":"product_tag-chimeneas-de-colombia","85":"product_tag-chimeneas-de-techo","86":"product_tag-chimeneas-loft","87":"product_tag-chimeneas-medellin","88":"product_tag-chimeneas-tizon","89":"product_tag-chispa","90":"product_tag-clasico","91":"product_tag-co2","92":"product_tag-combustion-secundaria","93":"product_tag-comedor","94":"product_tag-confort","95":"product_tag-cristal-ceramico","96":"product_tag-decoracion","97":"product_tag-decorativo","98":"product_tag-diseno","99":"product_tag-diseno-clasico","100":"product_tag-diseno-moderno","101":"product_tag-doble-combustion","102":"product_tag-ecologico","103":"product_tag-eficiencia","104":"product_tag-eficiencia-energetica","105":"product_tag-emisiones-reducidas","106":"product_tag-estufa-de-lena","107":"product_tag-estufa-de-lena-con-regulador-de-tiro","108":"product_tag-estufa-de-lena-de-bajo-consumo","109":"product_tag-facil-instalacion","110":"product_tag-facil-mantenimiento","111":"product_tag-fuego","112":"product_tag-fuego-artificial","113":"product_tag-gases-de-combustion","114":"product_tag-habitacion","115":"product_tag-hogar","116":"product_tag-hogar-acogedor","117":"product_tag-hogar-de-fundicion","118":"product_tag-hogar-de-lena","119":"product_tag-hogar-de-lena-de-diseno-moderno","120":"product_tag-hogar-dulce-hogar","121":"product_tag-interiorismo","122":"product_tag-lena","123":"product_tag-lena-certificada","124":"product_tag-lena-de-encina","125":"product_tag-lena-de-roble","126":"product_tag-lena-seca","127":"product_tag-limpio","128":"product_tag-living","129":"product_tag-llama","130":"product_tag-madera","131":"product_tag-moderno","132":"product_tag-particulas","133":"product_tag-personalizable","134":"product_tag-postcombustion","135":"product_tag-puerta-de-cristal","136":"product_tag-quemador-de-bioetanol","137":"product_tag-quemador-de-gas","138":"product_tag-regulador-de-gas","139":"product_tag-regulador-de-tiro","140":"product_tag-relajacion","141":"product_tag-rendimiento","142":"product_tag-romantico","143":"product_tag-rustico","144":"product_tag-sala","145":"product_tag-seguro","146":"product_tag-sostenible","147":"product_tag-tiro","148":"product_tag-valorizacion-del-hogar","149":"product_tag-versatil","151":"first","152":"instock","153":"taxable","154":"shipping-taxable","155":"purchasable","156":"product-type-simple"},"acf":{"descripcion":"\ud83d\udd25 Chimenea de gas flotante | Colombia\r\n\r\nTransforma tu hogar con una chimenea de gas moderna, dise\u00f1ada para quienes valoran el dise\u00f1o, el confort y la seguridad. creando una sensaci\u00f3n de amplitud y ligereza que la convierte en el punto focal.\r\n\r\nFabricada con estructura de acero de alta calidad, ofrece durabilidad y estabilidad a largo plazo.\r\n\r\nCuenta con un quemador importado de acero inoxidable tipo vent-free, con sistema Venturi interno, que garantiza una combusti\u00f3n limpia, eficiente y sin humo. Disfruta de llamas realistas, sin cenizas y con bajo mantenimiento, ideales para el uso diario.\r\n\r\nIncluye piedra decorativa de m\u00e1rmol, un detalle que eleva el nivel est\u00e9tico y aporta un acabado sofisticado.\r\n\r\n\u2728 Una chimenea de gas en Colombia que combina calor eficiente, dise\u00f1o moderno y seguridad, perfecta para crear espacios acogedores y llenos de estilo durante todo el a\u00f1o.\r\n<ul>\r\n \t<li>Uso: Interior<\/li>\r\n \t<li>Estructura: Acero de alta calidad<\/li>\r\n \t<li>Acabado: Pintura negra mate de alta temperatura<\/li>\r\n \t<li>Quemador: Importado en acero inoxidable tipo vent-free<\/li>\r\n \t<li>Sistema de combusti\u00f3n: Venturi interno para combusti\u00f3n limpia y eficiente<\/li>\r\n \t<li>Seguridad: Piloto de seguridad anti-escape de gas<\/li>\r\n \t<li>Incluye: Control remoto, mangueras, piedra decorativa y soporte para instalar.<\/li>\r\n \t<li>No incluye: instalaci\u00f3n, transporte.<\/li>\r\n<\/ul>","ficha_tecnica":2680,"manual_de_instrucciones":2683,"recomendaciones":"","dimensiones":"","alto":"80 cm","frente":"","base":"","peso":"45 kg","largo":"140 cm","ancho":"30 cm","color":"Negro mate, blanco o envejecido","marca":"El chalet","eficiencia_calorica":"70 m2","potencia":"10,5 Kw","material":"Estructura met\u00e1lica","tipo_de_combustible":"Gas","alternativas_eficientes":""},"gallery_images":[837,684],"_links":{"self":[{"href":"https:\/\/chimeneaselchalet.com\/en\/wp-json\/wp\/v2\/product\/735","targetHints":{"allow":["GET"]}}],"collection":[{"href":"https:\/\/chimeneaselchalet.com\/en\/wp-json\/wp\/v2\/product"}],"about":[{"href":"https:\/\/chimeneaselchalet.com\/en\/wp-json\/wp\/v2\/types\/product"}],"wp:featuredmedia":[{"embeddable":true,"href":"https:\/\/chimeneaselchalet.com\/en\/wp-json\/wp\/v2\/media\/2962"}],"wp:attachment":[{"href":"https:\/\/chimeneaselchalet.com\/en\/wp-json\/wp\/v2\/media?parent=735"}],"wp:term":[{"taxonomy":"color","embeddable":true,"href":"https:\/\/chimeneaselchalet.com\/en\/wp-json\/wp\/v2\/color?post=735"},{"taxonomy":"product_brand","embeddable":true,"href":"https:\/\/chimeneaselchalet.com\/en\/wp-json\/wp\/v2\/product_brand?post=735"},{"taxonomy":"product_cat","embeddable":true,"href":"https:\/\/chimeneaselchalet.com\/en\/wp-json\/wp\/v2\/product_cat?post=735"},{"taxonomy":"product_tag","embeddable":true,"href":"https:\/\/chimeneaselchalet.com\/en\/wp-json\/wp\/v2\/product_tag?post=735"}],"curies":[{"name":"wp","href":"https:\/\/api.w.org\/{rel}","templated":true}]}}