{"id":744,"date":"2024-06-10T14:04:00","date_gmt":"2024-06-10T19:04:00","guid":{"rendered":"https:\/\/chimeneaselchalet.com\/?post_type=product&#038;p=744"},"modified":"2026-01-29T10:29:21","modified_gmt":"2026-01-29T15:29:21","slug":"chimenea-de-gas-xl","status":"publish","type":"product","link":"https:\/\/chimeneaselchalet.com\/en\/product\/chimenea-de-gas-xl\/","title":{"rendered":"XL gas fireplace"},"content":{"rendered":"","protected":false},"excerpt":{"rendered":"<p><strong>Description:<\/strong><\/p>\n<ul>\n<li>Esta chimenea es ideal para espacio debajo de un TV o paredes lisas<\/li>\n<li>Fabricada en su totalidad en paredes met\u00e1licas con un recubrimiento en pintura resistente a altas temperaturas de acabado muy fino.<\/li>\n<li>Thermal fiber for upper hood and support hook.<\/li>\n<li>Stainless steel connectors and copper fittings.<\/li>\n<li>Quemador importado en acero inoxidable tipo vent-free con Venturi interno que controla la premezcla de aire.<\/li>\n<li>Safety Pilot System that prevents gas escape.<\/li>\n<\/ul>\n<p>Ocupa muy poco espacio<\/p>\n<p><strong>Piedra decorativa de m\u00e1rmol color:<\/strong> Blanca, negro<br \/>\n<strong>Heat efficiency:<\/strong> 10.5 kW<br \/>\n<strong>High:<\/strong> 60 cm alto<br \/>\n<strong>Long:<\/strong> 120cm<br \/>\n<strong>Broad:<\/strong> 20cm<br \/>\n<strong>Material:<\/strong> Made of iron<br \/>\n<strong>Color:<\/strong> Negro o blanco mate<br \/>\n<strong>Fuel for use:<\/strong>\u00a0Gas<\/p>","protected":false},"featured_media":3758,"template":"","meta":{"_acf_changed":false,"_seopress_robots_primary_cat":"none","_seopress_titles_title":"Chimenea de Cuadro XL: Estilo y Calidez en tu Hogar","_seopress_titles_desc":"Descubre la elegancia de la Chimenea de Cuadro XL, perfecta para a\u00f1adir estilo y calor a tu espacio. \u00a1Visita Chimeneas El Chalet ahora!","_seopress_robots_index":""},"color":[],"product_brand":[],"product_cat":[20],"product_tag":[362,359,277,364,381,174,344,294,276,349,400,275,388,392,295,401,273,288,315,316,317,308,309,297,305,290,342,341,346,348,347,340,343,302,369,393,299,313,312,314,289,319,320,326,327,328,329,398,395,397,325,318,306,165,50,336,333,337,334,338,332,331,330,339,335,298,103,301,303,296,307,304,300,368,402,404,62,259,151,44,366,403,367,293,374,384,376,283,286,391,278,361,279,357,356,370,355,380,350,382,140,399,394,351,352,274,291,378,284,120,159,389,321,396,285,280,138,385,323,324,322,354,282,292,371,373,383,358,377,390,345,310,311,387,287,379,363,375,281,353,372,386,365,360],"class_list":{"0":"post-744","1":"product","2":"type-product","3":"status-publish","4":"has-post-thumbnail","6":"product_cat-chimeneas-a-gas","7":"product_tag-acogedor","8":"product_tag-adaptable","9":"product_tag-ambiente","10":"product_tag-ambiente-relajante","11":"product_tag-autonomia","12":"product_tag-bajo-consumo","13":"product_tag-bioetanol-liquido","14":"product_tag-brasas","15":"product_tag-calefaccion","16":"product_tag-calefaccion-adicional","17":"product_tag-calle-93","18":"product_tag-calor","19":"product_tag-camara-de-combustion","20":"product_tag-cenicero-extraible","21":"product_tag-cenizas","22":"product_tag-chico-norte","23":"product_tag-chimenea","24":"product_tag-chimenea-a-gas","25":"product_tag-chimenea-a-gas-con-control-remoto","26":"product_tag-chimenea-a-gas-con-termostato","27":"product_tag-chimenea-a-gas-de-bajo-consumo","28":"product_tag-chimenea-a-gas-natural","29":"product_tag-chimenea-a-gas-propano","30":"product_tag-chimenea-clasica","31":"product_tag-chimenea-contemporanea","32":"product_tag-chimenea-de-bioetanol","33":"product_tag-chimenea-de-bioetanol-de-mesa","34":"product_tag-chimenea-de-bioetanol-de-pared","35":"product_tag-chimenea-de-bioetanol-ecologica","36":"product_tag-chimenea-de-bioetanol-moderna","37":"product_tag-chimenea-de-bioetanol-segura","38":"product_tag-chimenea-de-bioetanol-sin-instalacion","39":"product_tag-chimenea-de-bioetanol-suspendida","40":"product_tag-chimenea-de-diseno","41":"product_tag-chimenea-de-doble-combustion","42":"product_tag-chimenea-de-doble-combustion-de-alta-eficiencia","43":"product_tag-chimenea-de-esquina","44":"product_tag-chimenea-de-gas-de-pared","45":"product_tag-chimenea-de-gas-empotrada","46":"product_tag-chimenea-de-gas-suspendida","47":"product_tag-chimenea-de-lena","48":"product_tag-chimenea-de-lena-abierta","49":"product_tag-chimenea-de-lena-cerrada","50":"product_tag-chimenea-de-lena-con-pantalla","51":"product_tag-chimenea-de-lena-con-puerta-de-cristal","52":"product_tag-chimenea-de-lena-con-tiro-directo","53":"product_tag-chimenea-de-lena-con-tiro-forzado","54":"product_tag-chimenea-de-lena-de-hierro-fundido","55":"product_tag-chimenea-de-lena-ecologica","56":"product_tag-chimenea-de-lena-para-calefaccion-principal","57":"product_tag-chimenea-de-lena-rustica","58":"product_tag-chimenea-de-lena-tradicional","59":"product_tag-chimenea-de-obra","60":"product_tag-chimenea-de-pared","61":"product_tag-chimenea-electrica","62":"product_tag-chimenea-electrica-con-control-remoto","63":"product_tag-chimenea-electrica-con-efecto-de-llama","64":"product_tag-chimenea-electrica-con-temporizador","65":"product_tag-chimenea-electrica-con-termostato","66":"product_tag-chimenea-electrica-de-bajo-consumo","67":"product_tag-chimenea-electrica-de-esquina","68":"product_tag-chimenea-electrica-de-pared","69":"product_tag-chimenea-electrica-empotrada","70":"product_tag-chimenea-electrica-realista","71":"product_tag-chimenea-electrica-sin-instalacion","72":"product_tag-chimenea-empotrada","73":"product_tag-chimenea-exterior","74":"product_tag-chimenea-interior","75":"product_tag-chimenea-minimalista","76":"product_tag-chimenea-moderna","77":"product_tag-chimenea-prefabricada","78":"product_tag-chimenea-rustica","79":"product_tag-chimenea-suspendida","80":"product_tag-chimeneas-baratas","81":"product_tag-chimeneas-bogota","82":"product_tag-chimeneas-cali","83":"product_tag-chimeneas-colgantes","84":"product_tag-chimeneas-de-colombia","85":"product_tag-chimeneas-de-techo","86":"product_tag-chimeneas-el-chalet","87":"product_tag-chimeneas-loft","88":"product_tag-chimeneas-medellin","89":"product_tag-chimeneas-tizon","90":"product_tag-chispa","91":"product_tag-clasico","92":"product_tag-co2","93":"product_tag-combustion-secundaria","94":"product_tag-comedor","95":"product_tag-confort","96":"product_tag-cristal-ceramico","97":"product_tag-decoracion","98":"product_tag-decorativo","99":"product_tag-diseno","100":"product_tag-diseno-clasico","101":"product_tag-diseno-moderno","102":"product_tag-doble-combustion","103":"product_tag-ecologico","104":"product_tag-eficiencia","105":"product_tag-eficiencia-energetica","106":"product_tag-emisiones-reducidas","107":"product_tag-estufa-de-lena","108":"product_tag-estufa-de-lena-con-regulador-de-tiro","109":"product_tag-estufa-de-lena-de-bajo-consumo","110":"product_tag-facil-instalacion","111":"product_tag-facil-mantenimiento","112":"product_tag-fuego","113":"product_tag-fuego-artificial","114":"product_tag-gases-de-combustion","115":"product_tag-habitacion","116":"product_tag-hogar","117":"product_tag-hogar-acogedor","118":"product_tag-hogar-de-fundicion","119":"product_tag-hogar-de-lena","120":"product_tag-hogar-de-lena-de-diseno-moderno","121":"product_tag-hogar-dulce-hogar","122":"product_tag-interiorismo","123":"product_tag-lena","124":"product_tag-lena-certificada","125":"product_tag-lena-de-encina","126":"product_tag-lena-de-roble","127":"product_tag-lena-seca","128":"product_tag-limpio","129":"product_tag-living","130":"product_tag-llama","131":"product_tag-madera","132":"product_tag-moderno","133":"product_tag-particulas","134":"product_tag-personalizable","135":"product_tag-postcombustion","136":"product_tag-puerta-de-cristal","137":"product_tag-quemador-de-bioetanol","138":"product_tag-quemador-de-gas","139":"product_tag-regulador-de-gas","140":"product_tag-regulador-de-tiro","141":"product_tag-relajacion","142":"product_tag-rendimiento","143":"product_tag-romantico","144":"product_tag-rustico","145":"product_tag-sala","146":"product_tag-seguro","147":"product_tag-sostenible","148":"product_tag-tiro","149":"product_tag-valorizacion-del-hogar","150":"product_tag-versatil","152":"first","153":"instock","154":"taxable","155":"shipping-taxable","156":"purchasable","157":"product-type-simple"},"acf":{"descripcion":"<h3 data-start=\"183\" data-end=\"247\">\ud83d\udd25 Chimenea de gas cuadro para TV y muros modernos<\/h3>\r\n<p data-start=\"249\" data-end=\"578\">Esta <strong data-start=\"254\" data-end=\"281\">chimenea de gas moderna<\/strong> ha sido dise\u00f1ada para <strong data-start=\"304\" data-end=\"381\">encajar perfectamente debajo de tu televisor o sobre cualquier pared lisa<\/strong>, aprovechando al m\u00e1ximo el espacio disponible sin sacrificar dise\u00f1o ni elegancia. Su formato la convierte en una soluci\u00f3n ideal para salas contempor\u00e1neas, apartamentos y proyectos de interiorismo.<\/p>\r\nFabricada con estructura de acero de alta calidad, ofrece durabilidad y estabilidad a largo plazo.\r\n\r\nCuenta con un quemador importado de acero inoxidable tipo vent-free, con sistema Venturi interno, que garantiza una combusti\u00f3n limpia, eficiente y sin humo. Disfruta de llamas realistas, sin cenizas y con bajo mantenimiento, ideales para el uso diario.\r\n\r\nIncluye piedra decorativa de m\u00e1rmol, un detalle que eleva el nivel est\u00e9tico y aporta un acabado sofisticado.\r\n\r\n\u2728 Una chimenea de gas en Colombia que combina calor eficiente, dise\u00f1o moderno y seguridad, perfecta para crear espacios acogedores y llenos de estilo durante todo el a\u00f1o.\r\n<ul>\r\n \t<li>Uso: Interior<\/li>\r\n \t<li>Estructura: Acero de alta calidad<\/li>\r\n \t<li>Acabado: Pintura negra mate de alta temperatura<\/li>\r\n \t<li>Quemador: Importado en acero inoxidable tipo vent-free<\/li>\r\n \t<li>Sistema de combusti\u00f3n: Venturi interno para combusti\u00f3n limpia y eficiente<\/li>\r\n \t<li>Seguridad: Piloto de seguridad anti-escape de gas<\/li>\r\n \t<li>Incluye: Control remoto, mangueras, piedra decorativa y soporte para instalar.<\/li>\r\n \t<li>No incluye: instalaci\u00f3n, transporte.<\/li>\r\n<\/ul>","ficha_tecnica":"","manual_de_instrucciones":2659,"recomendaciones":"","dimensiones":"","alto":"60 cm","frente":"","base":"","peso":"70 kg","largo":"180 cm","ancho":"20 cm","color":"Negro o blanco","marca":"El chalet","eficiencia_calorica":"70 m2","potencia":"10,5 Kw","material":"Estructura met\u00e1lica","tipo_de_combustible":"Gas","alternativas_eficientes":""},"gallery_images":[691,124],"_links":{"self":[{"href":"https:\/\/chimeneaselchalet.com\/en\/wp-json\/wp\/v2\/product\/744","targetHints":{"allow":["GET"]}}],"collection":[{"href":"https:\/\/chimeneaselchalet.com\/en\/wp-json\/wp\/v2\/product"}],"about":[{"href":"https:\/\/chimeneaselchalet.com\/en\/wp-json\/wp\/v2\/types\/product"}],"wp:featuredmedia":[{"embeddable":true,"href":"https:\/\/chimeneaselchalet.com\/en\/wp-json\/wp\/v2\/media\/3758"}],"wp:attachment":[{"href":"https:\/\/chimeneaselchalet.com\/en\/wp-json\/wp\/v2\/media?parent=744"}],"wp:term":[{"taxonomy":"color","embeddable":true,"href":"https:\/\/chimeneaselchalet.com\/en\/wp-json\/wp\/v2\/color?post=744"},{"taxonomy":"product_brand","embeddable":true,"href":"https:\/\/chimeneaselchalet.com\/en\/wp-json\/wp\/v2\/product_brand?post=744"},{"taxonomy":"product_cat","embeddable":true,"href":"https:\/\/chimeneaselchalet.com\/en\/wp-json\/wp\/v2\/product_cat?post=744"},{"taxonomy":"product_tag","embeddable":true,"href":"https:\/\/chimeneaselchalet.com\/en\/wp-json\/wp\/v2\/product_tag?post=744"}],"curies":[{"name":"wp","href":"https:\/\/api.w.org\/{rel}","templated":true}]}}