{"id":745,"date":"2024-06-10T14:04:40","date_gmt":"2024-06-10T19:04:40","guid":{"rendered":"https:\/\/chimeneaselchalet.com\/?post_type=product&#038;p=745"},"modified":"2026-01-29T10:58:19","modified_gmt":"2026-01-29T15:58:19","slug":"kit-a-gas-control-it__trashed","status":"publish","type":"product","link":"https:\/\/chimeneaselchalet.com\/en\/product\/kit-a-gas-control-it__trashed\/","title":{"rendered":"Control it gas kit"},"content":{"rendered":"","protected":false},"excerpt":{"rendered":"<p><strong>Description:<\/strong> Esta chimenea brinda un color de llama muy real, llama alta y amarilla. Este tipo de llama requiere una campana y ducto de evacuaci\u00f3n de gases de la combusti\u00f3n.<\/p>\n<p>Quemador tipo flauta lineal<\/p>\n<p>Fibra t\u00e9rmica para kit o sistema de gas<\/p>\n<p>Stainless steel connectors and copper fittings.<\/p>\n<p>Safety Pilot System that prevents gas escape.<\/p>\n<p>Piedra decorativa de m\u00e1rmol color: blanca<\/p>\n<p>Control remoto o manual<\/p>\n<p>Piedra decorativa<\/p>\n<p><strong>Heat efficiency:<\/strong> 10.5 kW<br \/>\n<strong>Nota:<\/strong> Requiere ductos de evacuaci\u00f3n.<br \/>\n<strong>High:<\/strong> 15 cm alto<br \/>\n<strong>Long:<\/strong> 40 cm hasta 1000 cm (opci\u00f3n medidas especiales hasta 2.50m)<br \/>\n<strong>Broad:<\/strong> 20-50 cm<\/p>\n<p><strong>Material:<\/strong> Made of iron<br \/>\n<strong>Color:<\/strong>\u00a0Matt black<br \/>\n<strong>Fuel for use:<\/strong>\u00a0Gas<\/p>\n<p>The price does not include installation.<\/p>\n<p>Deseas una medida especial?, cotiza ac\u00e1:<\/p>\n<p>&nbsp;<\/p>","protected":false},"featured_media":5020,"template":"","meta":{"_acf_changed":false,"_seopress_robots_primary_cat":"none","_seopress_titles_title":"Kit a Gas Control IT Avanzado: Comodidad y Seguridad","_seopress_titles_desc":"Transforma tu chimenea con el Kit a Gas Control IT Avanzado. Control total a distancia para m\u00e1xima comodidad y seguridad. \u00a1Desc\u00fabrelo!","_seopress_robots_index":""},"color":[],"product_brand":[],"product_cat":[20],"product_tag":[],"class_list":{"0":"post-745","1":"product","2":"type-product","3":"status-publish","4":"has-post-thumbnail","6":"product_cat-chimeneas-a-gas","8":"first","9":"instock","10":"taxable","11":"shipping-taxable","12":"purchasable","13":"product-type-variable"},"acf":{"descripcion":"<h3 data-start=\"173\" data-end=\"223\">\ud83d\udd25 Kit de gas para chimenea con control remoto<\/h3>\r\n<p data-start=\"225\" data-end=\"468\">Este <strong data-start=\"230\" data-end=\"258\">kit de gas para chimenea<\/strong> es la soluci\u00f3n ideal para quienes buscan <strong data-start=\"300\" data-end=\"350\">comodidad, seguridad y control total del fuego<\/strong>. Dise\u00f1ado para una instalaci\u00f3n pr\u00e1ctica y funcional, es compatible con chimeneas modernas y proyectos personalizados.<\/p>\r\n<p data-start=\"470\" data-end=\"723\">Incluye <strong data-start=\"478\" data-end=\"509\">quemador lineal tipo flauta<\/strong>, que proporciona una <strong data-start=\"531\" data-end=\"560\">llama uniforme y elegante<\/strong>, ideal para lograr un acabado contempor\u00e1neo. El sistema incorpora <strong data-start=\"627\" data-end=\"644\">fibra t\u00e9rmica<\/strong>, optimizando la distribuci\u00f3n del calor y mejorando la eficiencia del conjunto.<\/p>\r\n<p data-start=\"725\" data-end=\"826\">El <strong data-start=\"728\" data-end=\"755\">control remoto avanzado<\/strong> permite una experiencia completamente personalizada, con funciones de:<\/p>\r\n\r\n<ul data-start=\"827\" data-end=\"1064\">\r\n \t<li data-start=\"827\" data-end=\"865\">\r\n<p data-start=\"829\" data-end=\"865\">Encendido y apagado (<strong data-start=\"850\" data-end=\"862\">On \/ Off<\/strong>)<\/p>\r\n<\/li>\r\n \t<li data-start=\"866\" data-end=\"906\">\r\n<p data-start=\"868\" data-end=\"906\"><strong data-start=\"868\" data-end=\"904\">5 niveles de intensidad de llama<\/strong><\/p>\r\n<\/li>\r\n \t<li data-start=\"907\" data-end=\"957\">\r\n<p data-start=\"909\" data-end=\"957\"><strong data-start=\"909\" data-end=\"937\">Temporizador programable<\/strong> de 0 a 90 minutos<\/p>\r\n<\/li>\r\n \t<li data-start=\"958\" data-end=\"1013\">\r\n<p data-start=\"960\" data-end=\"1013\"><strong data-start=\"960\" data-end=\"974\">Termostato<\/strong> para control de temperatura ambiente<\/p>\r\n<\/li>\r\n \t<li data-start=\"1014\" data-end=\"1064\">\r\n<p data-start=\"1016\" data-end=\"1064\"><strong data-start=\"1016\" data-end=\"1037\">Seguro para ni\u00f1os<\/strong>, para mayor tranquilidad<\/p>\r\n<\/li>\r\n<\/ul>\r\n<p data-start=\"1066\" data-end=\"1324\">El kit est\u00e1 equipado con <strong data-start=\"1091\" data-end=\"1144\">conectores en acero inoxidable y racores en cobre<\/strong>, materiales de alta calidad que garantizan <strong data-start=\"1188\" data-end=\"1227\">durabilidad y funcionamiento seguro<\/strong>. Adem\u00e1s, cuenta con <strong data-start=\"1248\" data-end=\"1282\">sistema de piloto de seguridad<\/strong>, dise\u00f1ado para <strong data-start=\"1298\" data-end=\"1323\">evitar escapes de gas<\/strong>.<\/p>\r\n<p data-start=\"1326\" data-end=\"1456\">Incluye <strong data-start=\"1334\" data-end=\"1378\">piedra decorativa de m\u00e1rmol color blanco<\/strong>, que aporta un acabado limpio, elegante y moderno al interior de la chimenea.<\/p>\r\n<p data-start=\"1458\" data-end=\"1607\">\u2714\ufe0f <strong data-start=\"1461\" data-end=\"1489\">Requiere punto el\u00e9ctrico<\/strong><br data-start=\"1489\" data-end=\"1492\" \/>\u2714\ufe0f <strong data-start=\"1495\" data-end=\"1519\">Instalaci\u00f3n sencilla<\/strong>, ideal para realizarla por cuenta propia<br data-start=\"1560\" data-end=\"1563\" \/>\u2714\ufe0f <strong data-start=\"1566\" data-end=\"1607\">Env\u00edo r\u00e1pido y seguro a todo Colombia<\/strong><\/p>\r\n<p data-start=\"1609\" data-end=\"1797\">\u2728 Un <strong data-start=\"1614\" data-end=\"1655\">kit de gas para chimeneas en Colombia<\/strong> que combina <strong data-start=\"1668\" data-end=\"1702\">tecnolog\u00eda, dise\u00f1o y seguridad<\/strong>, perfecto para transformar tu espacio en un ambiente c\u00e1lido y sofisticado con total comodidad.<\/p>","ficha_tecnica":"","manual_de_instrucciones":2659,"recomendaciones":2656,"dimensiones":"40 cm - 200 cm ","alto":"15 cm ","frente":"","base":"","peso":"","largo":"","ancho":"30 cm","color":"Negro mate","marca":"El chalet","eficiencia_calorica":"60 m2","potencia":"10,5 Kw","material":"","tipo_de_combustible":"Gas","alternativas_eficientes":""},"gallery_images":[850,766],"_links":{"self":[{"href":"https:\/\/chimeneaselchalet.com\/en\/wp-json\/wp\/v2\/product\/745","targetHints":{"allow":["GET"]}}],"collection":[{"href":"https:\/\/chimeneaselchalet.com\/en\/wp-json\/wp\/v2\/product"}],"about":[{"href":"https:\/\/chimeneaselchalet.com\/en\/wp-json\/wp\/v2\/types\/product"}],"wp:featuredmedia":[{"embeddable":true,"href":"https:\/\/chimeneaselchalet.com\/en\/wp-json\/wp\/v2\/media\/5020"}],"wp:attachment":[{"href":"https:\/\/chimeneaselchalet.com\/en\/wp-json\/wp\/v2\/media?parent=745"}],"wp:term":[{"taxonomy":"color","embeddable":true,"href":"https:\/\/chimeneaselchalet.com\/en\/wp-json\/wp\/v2\/color?post=745"},{"taxonomy":"product_brand","embeddable":true,"href":"https:\/\/chimeneaselchalet.com\/en\/wp-json\/wp\/v2\/product_brand?post=745"},{"taxonomy":"product_cat","embeddable":true,"href":"https:\/\/chimeneaselchalet.com\/en\/wp-json\/wp\/v2\/product_cat?post=745"},{"taxonomy":"product_tag","embeddable":true,"href":"https:\/\/chimeneaselchalet.com\/en\/wp-json\/wp\/v2\/product_tag?post=745"}],"curies":[{"name":"wp","href":"https:\/\/api.w.org\/{rel}","templated":true}]}}