{"id":748,"date":"2024-06-10T14:05:00","date_gmt":"2024-06-10T19:05:00","guid":{"rendered":"https:\/\/chimeneaselchalet.com\/?post_type=product&#038;p=748"},"modified":"2026-01-29T11:06:20","modified_gmt":"2026-01-29T16:06:20","slug":"chimenea-de-gas-prefabricada","status":"publish","type":"product","link":"https:\/\/chimeneaselchalet.com\/en\/product\/chimenea-de-gas-prefabricada\/","title":{"rendered":"Prefabricated gas fireplace"},"content":{"rendered":"","protected":false},"excerpt":{"rendered":"<p><strong>Description:<\/strong> Esta chimenea brinda un color de llama muy real, llama alta amarilla o azul<\/p>\n<p>Quemador tipo flauta lineal<\/p>\n<p>Fibra t\u00e9rmica para kit o sistema de gas<\/p>\n<p>Lamina en hierro liso o textura de verticales<\/p>\n<p>Ideal para enchapar fondo de las chimeneas<\/p>\n<p>Escudo t\u00e9rmico que bloquea el paso de calor a paredes externas<\/p>\n<p>Stainless steel connectors and copper fittings.<\/p>\n<p>Safety Pilot System that prevents gas escape.<\/p>\n<p><strong>Piedra decorativa de m\u00e1rmol color:<\/strong>\u00a0Blanca<br \/>\nControl remoto o manual<br \/>\nPiedra decorativa<\/p>\n<p><strong>Heat efficiency:<\/strong> 10.5 kW<br \/>\n<strong>Nota:<\/strong> Requiere o no ductos de evacuaci\u00f3n.<br \/>\n<strong>High:<\/strong> 40 cm alto<br \/>\n<strong>Long:<\/strong> 50 cm hasta 200 cm<br \/>\n<strong>Broad:<\/strong> 3.5 cm<\/p>\n<p><strong>Material:<\/strong> Made of iron<br \/>\n<strong>Color:<\/strong>\u00a0Matt black<br \/>\n<strong>Fuel for use:<\/strong>\u00a0Gas<\/p>\n<p>Quieres cotizar el escudo para tu chimenea? Click ya:<\/p>\n<p><a href=\"https:\/\/chimeneaselchalet.com\/en\/contacto\/\"><img loading=\"lazy\" decoding=\"async\" class=\"alignnone wp-image-1054 size-full\" src=\"https:\/\/chimeneaselchalet.com\/wp-content\/uploads\/2022\/01\/Captura-de-Pantalla-2022-01-28-a-las-3.06.29-p.-m.-2.png\" alt=\"\" width=\"144\" height=\"30\" \/><\/a><\/p>\n<hr \/>\n<p style=\"text-align: center;\"><strong>Antes de usar tu chimenea de gas, por favor descarga y lee cuidadosamente la siguiente Informaci\u00f3n<\/strong><\/p>\n<hr \/>\n<p style=\"text-align: center;\"><span style=\"color: #ff0000;\"><strong>Manual de instrucciones chimeneas de gas<\/strong><\/span><\/p>\n<p style=\"text-align: center;\"><span style=\"color: #0000ff;\"><strong><a style=\"color: #0000ff;\" href=\"https:\/\/chimeneaselchalet.com\/wp-content\/uploads\/2023\/12\/MANUAL-CHIMENEA-DE-GAS-IT-AVANZADA-2023.pdf\"><br \/>\nDOWNLOAD INSTRUCTION MANUAL<\/a><\/strong><\/span><\/p>\n<p style=\"text-align: center;\"><strong><span style=\"color: #ff0000;\">Ficha t\u00e9cnica chimenea de gas<\/span><\/strong><\/p>\n<p style=\"text-align: center;\"><span style=\"color: #0000ff;\"><strong><a style=\"color: #0000ff;\" href=\"https:\/\/chimeneaselchalet.com\/wp-content\/uploads\/2023\/12\/FICHA-TECNICA-ECO-BLUE-CHIMENEA-DE-GAS.pdf\">DESCARGA FICHA T\u00c9CNCA DE CHIMENEA DE GAS<\/a><\/strong><\/span><\/p>","protected":false},"featured_media":3840,"template":"","meta":{"_acf_changed":false,"_seopress_robots_primary_cat":"none","_seopress_titles_title":"Chimenea a Gas de Alta Calidad para tu Hogar","_seopress_titles_desc":"Descubre el calor acogedor de nuestra Chimenea a Gas Hogar Met\u00e1lico. Calidad y dise\u00f1o a tu alcance. \u00a1Vis\u00edtanos y calienta tu hogar!","_seopress_robots_index":""},"color":[],"product_brand":[],"product_cat":[20],"product_tag":[362,359,277,364,381,174,344,294,276,349,400,275,388,392,295,401,273,288,315,316,317,308,309,297,305,290,342,341,346,348,347,340,343,302,369,393,299,313,312,314,289,319,320,326,327,328,329,398,395,397,325,318,306,165,50,336,333,337,334,338,332,331,330,339,335,298,103,301,303,296,307,304,300,368,402,404,62,259,151,44,366,403,367,293,374,384,376,283,286,391,278,361,279,357,356,370,355,380,350,382,140,399,394,351,352,274,291,378,284,120,159,389,321,396,285,280,138,385,323,324,322,354,282,292,371,373,383,358,377,390,345,310,311,387,287,379,363,375,281,353,372,386,365,360],"class_list":{"0":"post-748","1":"product","2":"type-product","3":"status-publish","4":"has-post-thumbnail","6":"product_cat-chimeneas-a-gas","7":"product_tag-acogedor","8":"product_tag-adaptable","9":"product_tag-ambiente","10":"product_tag-ambiente-relajante","11":"product_tag-autonomia","12":"product_tag-bajo-consumo","13":"product_tag-bioetanol-liquido","14":"product_tag-brasas","15":"product_tag-calefaccion","16":"product_tag-calefaccion-adicional","17":"product_tag-calle-93","18":"product_tag-calor","19":"product_tag-camara-de-combustion","20":"product_tag-cenicero-extraible","21":"product_tag-cenizas","22":"product_tag-chico-norte","23":"product_tag-chimenea","24":"product_tag-chimenea-a-gas","25":"product_tag-chimenea-a-gas-con-control-remoto","26":"product_tag-chimenea-a-gas-con-termostato","27":"product_tag-chimenea-a-gas-de-bajo-consumo","28":"product_tag-chimenea-a-gas-natural","29":"product_tag-chimenea-a-gas-propano","30":"product_tag-chimenea-clasica","31":"product_tag-chimenea-contemporanea","32":"product_tag-chimenea-de-bioetanol","33":"product_tag-chimenea-de-bioetanol-de-mesa","34":"product_tag-chimenea-de-bioetanol-de-pared","35":"product_tag-chimenea-de-bioetanol-ecologica","36":"product_tag-chimenea-de-bioetanol-moderna","37":"product_tag-chimenea-de-bioetanol-segura","38":"product_tag-chimenea-de-bioetanol-sin-instalacion","39":"product_tag-chimenea-de-bioetanol-suspendida","40":"product_tag-chimenea-de-diseno","41":"product_tag-chimenea-de-doble-combustion","42":"product_tag-chimenea-de-doble-combustion-de-alta-eficiencia","43":"product_tag-chimenea-de-esquina","44":"product_tag-chimenea-de-gas-de-pared","45":"product_tag-chimenea-de-gas-empotrada","46":"product_tag-chimenea-de-gas-suspendida","47":"product_tag-chimenea-de-lena","48":"product_tag-chimenea-de-lena-abierta","49":"product_tag-chimenea-de-lena-cerrada","50":"product_tag-chimenea-de-lena-con-pantalla","51":"product_tag-chimenea-de-lena-con-puerta-de-cristal","52":"product_tag-chimenea-de-lena-con-tiro-directo","53":"product_tag-chimenea-de-lena-con-tiro-forzado","54":"product_tag-chimenea-de-lena-de-hierro-fundido","55":"product_tag-chimenea-de-lena-ecologica","56":"product_tag-chimenea-de-lena-para-calefaccion-principal","57":"product_tag-chimenea-de-lena-rustica","58":"product_tag-chimenea-de-lena-tradicional","59":"product_tag-chimenea-de-obra","60":"product_tag-chimenea-de-pared","61":"product_tag-chimenea-electrica","62":"product_tag-chimenea-electrica-con-control-remoto","63":"product_tag-chimenea-electrica-con-efecto-de-llama","64":"product_tag-chimenea-electrica-con-temporizador","65":"product_tag-chimenea-electrica-con-termostato","66":"product_tag-chimenea-electrica-de-bajo-consumo","67":"product_tag-chimenea-electrica-de-esquina","68":"product_tag-chimenea-electrica-de-pared","69":"product_tag-chimenea-electrica-empotrada","70":"product_tag-chimenea-electrica-realista","71":"product_tag-chimenea-electrica-sin-instalacion","72":"product_tag-chimenea-empotrada","73":"product_tag-chimenea-exterior","74":"product_tag-chimenea-interior","75":"product_tag-chimenea-minimalista","76":"product_tag-chimenea-moderna","77":"product_tag-chimenea-prefabricada","78":"product_tag-chimenea-rustica","79":"product_tag-chimenea-suspendida","80":"product_tag-chimeneas-baratas","81":"product_tag-chimeneas-bogota","82":"product_tag-chimeneas-cali","83":"product_tag-chimeneas-colgantes","84":"product_tag-chimeneas-de-colombia","85":"product_tag-chimeneas-de-techo","86":"product_tag-chimeneas-el-chalet","87":"product_tag-chimeneas-loft","88":"product_tag-chimeneas-medellin","89":"product_tag-chimeneas-tizon","90":"product_tag-chispa","91":"product_tag-clasico","92":"product_tag-co2","93":"product_tag-combustion-secundaria","94":"product_tag-comedor","95":"product_tag-confort","96":"product_tag-cristal-ceramico","97":"product_tag-decoracion","98":"product_tag-decorativo","99":"product_tag-diseno","100":"product_tag-diseno-clasico","101":"product_tag-diseno-moderno","102":"product_tag-doble-combustion","103":"product_tag-ecologico","104":"product_tag-eficiencia","105":"product_tag-eficiencia-energetica","106":"product_tag-emisiones-reducidas","107":"product_tag-estufa-de-lena","108":"product_tag-estufa-de-lena-con-regulador-de-tiro","109":"product_tag-estufa-de-lena-de-bajo-consumo","110":"product_tag-facil-instalacion","111":"product_tag-facil-mantenimiento","112":"product_tag-fuego","113":"product_tag-fuego-artificial","114":"product_tag-gases-de-combustion","115":"product_tag-habitacion","116":"product_tag-hogar","117":"product_tag-hogar-acogedor","118":"product_tag-hogar-de-fundicion","119":"product_tag-hogar-de-lena","120":"product_tag-hogar-de-lena-de-diseno-moderno","121":"product_tag-hogar-dulce-hogar","122":"product_tag-interiorismo","123":"product_tag-lena","124":"product_tag-lena-certificada","125":"product_tag-lena-de-encina","126":"product_tag-lena-de-roble","127":"product_tag-lena-seca","128":"product_tag-limpio","129":"product_tag-living","130":"product_tag-llama","131":"product_tag-madera","132":"product_tag-moderno","133":"product_tag-particulas","134":"product_tag-personalizable","135":"product_tag-postcombustion","136":"product_tag-puerta-de-cristal","137":"product_tag-quemador-de-bioetanol","138":"product_tag-quemador-de-gas","139":"product_tag-regulador-de-gas","140":"product_tag-regulador-de-tiro","141":"product_tag-relajacion","142":"product_tag-rendimiento","143":"product_tag-romantico","144":"product_tag-rustico","145":"product_tag-sala","146":"product_tag-seguro","147":"product_tag-sostenible","148":"product_tag-tiro","149":"product_tag-valorizacion-del-hogar","150":"product_tag-versatil","152":"first","153":"instock","154":"taxable","155":"shipping-taxable","156":"purchasable","157":"product-type-simple"},"acf":{"descripcion":"<h3 data-start=\"214\" data-end=\"274\">\ud83d\udd25 Chimenea de gas para obra nueva \u2013 lista para instalar<\/h3>\r\n<p data-start=\"276\" data-end=\"483\">Esta <strong data-start=\"281\" data-end=\"300\">chimenea de gas<\/strong> es una <strong data-start=\"308\" data-end=\"367\">soluci\u00f3n pr\u00e1ctica, r\u00e1pida y eficiente para obras nuevas<\/strong> que desean incorporar una chimenea desde la etapa de construcci\u00f3n, sin complicaciones y con un acabado profesional.<\/p>\r\n<p data-start=\"485\" data-end=\"745\">Fabricada en <strong data-start=\"498\" data-end=\"526\">acero de 3 mm de espesor<\/strong>, con <strong data-start=\"532\" data-end=\"581\">acabado negro resistente a altas temperaturas<\/strong>, se entrega <strong data-start=\"594\" data-end=\"641\">totalmente ensamblada y lista para instalar<\/strong>, optimizando tiempos de obra y facilitando su integraci\u00f3n en proyectos residenciales o arquitect\u00f3nicos.<\/p>\r\n<p data-start=\"747\" data-end=\"914\">Incluye <strong>dos<\/strong> <strong data-start=\"755\" data-end=\"794\">ductos de acero inoxidable de 120 cm<\/strong> y <strong data-start=\"797\" data-end=\"830\">gorro protector contra lluvia<\/strong>, garantizando una correcta evacuaci\u00f3n y protecci\u00f3n del sistema desde el primer d\u00eda.<\/p>\r\n<p data-start=\"916\" data-end=\"1180\">Su <strong data-start=\"919\" data-end=\"975\">estructura robusta en tubos de acero de alta calidad<\/strong> asegura <strong data-start=\"984\" data-end=\"1024\">durabilidad, estabilidad y seguridad<\/strong> a largo plazo. El <strong data-start=\"1043\" data-end=\"1096\">acabado en pintura negra mate de alta temperatura<\/strong> aporta un dise\u00f1o elegante y atemporal, adaptable a distintos estilos de decoraci\u00f3n.<\/p>\r\n<p data-start=\"1182\" data-end=\"1513\">Incorpora un <strong data-start=\"1195\" data-end=\"1252\">quemador importado de acero inoxidable tipo vent-free<\/strong>, con <strong data-start=\"1258\" data-end=\"1285\">sistema Venturi interno<\/strong>, que controla la premezcla de aire y gas para lograr una <strong data-start=\"1343\" data-end=\"1386\">combusti\u00f3n limpia, eficiente y sin humo<\/strong>. Para mayor tranquilidad, cuenta con <strong data-start=\"1424\" data-end=\"1447\">piloto de seguridad<\/strong>, dise\u00f1ado para <strong data-start=\"1463\" data-end=\"1488\">evitar escapes de gas<\/strong> y proteger a tu familia.<\/p>\r\n<p data-start=\"1515\" data-end=\"1713\">La <strong data-start=\"1518\" data-end=\"1557\">piedra decorativa de m\u00e1rmol natural<\/strong> a\u00f1ade un toque de <strong data-start=\"1576\" data-end=\"1605\">sofisticaci\u00f3n y elegancia<\/strong>, realzando el efecto visual de la llama y convirtiendo la chimenea en un elemento protagonista del espacio.<\/p>\r\n<p data-start=\"1715\" data-end=\"1969\">\u2728 Con esta <strong data-start=\"1726\" data-end=\"1773\">chimenea de gas para obra nueva en Colombia<\/strong>, no solo incorporas un elemento decorativo de alto nivel, sino una <strong data-start=\"1841\" data-end=\"1890\">fuente de calor eficiente, segura y confiable<\/strong>, ideal para disfrutar de ambientes c\u00e1lidos y confortables durante todo el a\u00f1o.<\/p>\r\n\r\n<ul>\r\n \t<li>Uso: Interior o exterior<\/li>\r\n \t<li>Estructura: Acero de alta calidad<\/li>\r\n \t<li>Incluye: Control remoto, mangueras, piedra decorativa y soporte para instalar.<\/li>\r\n \t<li>No incluye: instalaci\u00f3n, transporte.<\/li>\r\n<\/ul>","ficha_tecnica":2656,"manual_de_instrucciones":2659,"recomendaciones":"","dimensiones":"","alto":"45 cm","frente":"150 cm","base":"","peso":"65 kg","largo":"150 cm","ancho":"40 cm","color":"Negro mate","marca":"El chalet","eficiencia_calorica":"70 m2","potencia":"10,5 Kw","material":"Hierro","tipo_de_combustible":"Gas","alternativas_eficientes":""},"gallery_images":[2997,3841],"_links":{"self":[{"href":"https:\/\/chimeneaselchalet.com\/en\/wp-json\/wp\/v2\/product\/748","targetHints":{"allow":["GET"]}}],"collection":[{"href":"https:\/\/chimeneaselchalet.com\/en\/wp-json\/wp\/v2\/product"}],"about":[{"href":"https:\/\/chimeneaselchalet.com\/en\/wp-json\/wp\/v2\/types\/product"}],"wp:featuredmedia":[{"embeddable":true,"href":"https:\/\/chimeneaselchalet.com\/en\/wp-json\/wp\/v2\/media\/3840"}],"wp:attachment":[{"href":"https:\/\/chimeneaselchalet.com\/en\/wp-json\/wp\/v2\/media?parent=748"}],"wp:term":[{"taxonomy":"color","embeddable":true,"href":"https:\/\/chimeneaselchalet.com\/en\/wp-json\/wp\/v2\/color?post=748"},{"taxonomy":"product_brand","embeddable":true,"href":"https:\/\/chimeneaselchalet.com\/en\/wp-json\/wp\/v2\/product_brand?post=748"},{"taxonomy":"product_cat","embeddable":true,"href":"https:\/\/chimeneaselchalet.com\/en\/wp-json\/wp\/v2\/product_cat?post=748"},{"taxonomy":"product_tag","embeddable":true,"href":"https:\/\/chimeneaselchalet.com\/en\/wp-json\/wp\/v2\/product_tag?post=748"}],"curies":[{"name":"wp","href":"https:\/\/api.w.org\/{rel}","templated":true}]}}